{"id":1695,"date":"2025-09-08T08:38:36","date_gmt":"2025-09-08T08:38:36","guid":{"rendered":"https:\/\/rodal.provesonlinevalles.com\/?page_id=1695"},"modified":"2026-05-11T13:15:39","modified_gmt":"2026-05-11T11:15:39","slug":"nosaltres","status":"publish","type":"page","link":"https:\/\/rodal.provesonlinevalles.com\/es\/nosaltres\/","title":{"rendered":"Nosotros"},"content":{"rendered":"<div data-elementor-type=\"wp-page\" data-elementor-id=\"1695\" class=\"elementor elementor-1695\" data-elementor-post-type=\"page\">\n\t\t\t\t<div class=\"elementor-element elementor-element-9095c04 e-flex e-con-boxed e-con e-parent\" data-id=\"9095c04\" data-element_type=\"container\" data-e-type=\"container\" data-settings=\"{&quot;background_background&quot;:&quot;classic&quot;}\">\n\t\t\t\t\t<div class=\"e-con-inner\">\n\t\t<div class=\"elementor-element elementor-element-3ad6070 e-con-full e-grid e-con e-child\" data-id=\"3ad6070\" data-element_type=\"container\" data-e-type=\"container\">\n\t\t<div class=\"elementor-element elementor-element-2990a90 e-con-full e-flex e-con e-child\" data-id=\"2990a90\" data-element_type=\"container\" data-e-type=\"container\">\n\t\t\t\t<div class=\"elementor-element elementor-element-e2b1fb5 elementor-widget elementor-widget-heading\" data-id=\"e2b1fb5\" data-element_type=\"widget\" data-e-type=\"widget\" data-widget_type=\"heading.default\">\n\t\t\t\t\t<span class=\"elementor-heading-title elementor-size-default\">Nosotros<\/span>\t\t\t\t<\/div>\n\t\t\t\t<div class=\"elementor-element elementor-element-9f4b202 elementor-widget elementor-widget-heading\" data-id=\"9f4b202\" data-element_type=\"widget\" data-e-type=\"widget\" data-widget_type=\"heading.default\">\n\t\t\t\t\t<h1 class=\"elementor-heading-title elementor-size-default\">\nRodal. Arquitectura-Consultoria. SLP<\/h1>\t\t\t\t<\/div>\n\t\t\t\t<div class=\"elementor-element elementor-element-c3b87a7 elementor-widget elementor-widget-text-editor\" data-id=\"c3b87a7\" data-element_type=\"widget\" data-e-type=\"widget\" data-widget_type=\"text-editor.default\">\n\t\t\t\t\t\t\t\t\t<p>Nuestro nombre refleja la idea de <strong>territorio <\/strong>y del\u2019<strong>espacio perif\u00e9rico <\/strong>que conecta la ciudad con la naturaleza, as\u00ed como el desarrollo de una <strong>arquitectura arraigada en el sitio ya su identidad<\/strong>.<\/p>\t\t\t\t\t\t\t\t<\/div>\n\t\t\t\t<\/div>\n\t\t<div class=\"elementor-element elementor-element-ee2faf9 overflow-x-h e-con-full e-flex e-con e-child\" data-id=\"ee2faf9\" data-element_type=\"container\" data-e-type=\"container\">\n\t\t\t\t<\/div>\n\t\t\t\t<\/div>\n\t\t<div class=\"elementor-element elementor-element-1e20aa1 overflow-x-h e-con-full e-grid e-con e-child\" data-id=\"1e20aa1\" data-element_type=\"container\" data-e-type=\"container\">\n\t\t<div class=\"elementor-element elementor-element-589527a e-con-full e-flex e-con e-child\" data-id=\"589527a\" data-element_type=\"container\" data-e-type=\"container\">\n\t\t\t\t<div class=\"elementor-element elementor-element-8ed3719 elementor-widget elementor-widget-text-editor\" data-id=\"8ed3719\" data-element_type=\"widget\" data-e-type=\"widget\" data-widget_type=\"text-editor.default\">\n\t\t\t\t\t\t\t\t\t<p>La palabra \u201cRODAL\u201d tiene dos significados que definen la raz\u00f3n de ser de nuestro estudio. Por un lado, se refiere a un <strong>trozo de terreno que se distingue de su entorno <\/strong>por alguna circunstancia; por otro, es uno <strong>sabadellenquismo <\/strong>que hace referencia a los <strong>espacios de umbral perif\u00e9rico entre la ciudad y la naturaleza<\/strong>. Estos dos conceptos expresan la voluntad de nuestro equipo de desarrollar, tanto en la metodolog\u00eda como en el resultado, una pr\u00e1ctica <strong>alejada del canon hegem\u00f3nico vigente<\/strong>, manteniendo a la vez un <strong>v\u00ednculo profundo con el territorio<\/strong>.<\/p><p>En <strong>RODAL <\/strong>creemos y ejercemos una <strong>relaci\u00f3n dial\u00e9ctica entre la teor\u00eda y la pr\u00e1ctica<\/strong>, entendi\u00e9ndolas como conceptos complementarios que no se pueden explicar uno sin otro. As\u00ed, mientras llevamos a cabo nuestros proyectos arquitect\u00f3nicos, desarrollamos un <strong>marco te\u00f3rico <\/strong>que nos permite proyectar con <strong>coherencia y evoluci\u00f3n conceptual<\/strong>.<\/p><p>Esta metodolog\u00eda, que combina la <strong>b\u00fasqueda de conocimiento <\/strong>con su <strong>ejecuci\u00f3n pr\u00e1ctica<\/strong>, es la base sobre la que se estructuran las dos ramas del estudio: la <strong>consultor\u00eda <\/strong>y el\u2019<strong>arquitectura<\/strong>.<\/p><p>As\u00ed pues, el estudio se define por la <strong>contraposici\u00f3n de conceptos <\/strong>que, lejos de implicar contradicci\u00f3n, <strong>aportan complejidad <\/strong>y riqueza en nuestras propuestas y estrategias.<\/p>\t\t\t\t\t\t\t\t<\/div>\n\t\t\t\t<\/div>\n\t\t<div class=\"elementor-element elementor-element-8ef8b63 overflow-x-h e-con-full e-flex e-con e-child\" data-id=\"8ef8b63\" data-element_type=\"container\" data-e-type=\"container\" data-settings=\"{&quot;background_background&quot;:&quot;classic&quot;}\">\n\t\t\t\t<div class=\"elementor-element elementor-element-c7e4c7b elementor-widget elementor-widget-image\" data-id=\"c7e4c7b\" data-element_type=\"widget\" data-e-type=\"widget\" data-widget_type=\"image.default\">\n\t\t\t\t\t\t\t\t\t\t\t\t\t\t\t<img fetchpriority=\"high\" decoding=\"async\" width=\"1600\" height=\"1132\" src=\"https:\/\/rodal.provesonlinevalles.com\/wp-content\/uploads\/2026\/01\/Socis_web_pau-1.jpg\" class=\"attachment-full size-full wp-image-3109\" alt=\"Equip\" srcset=\"https:\/\/rodal.provesonlinevalles.com\/wp-content\/uploads\/2026\/01\/Socis_web_pau-1.jpg 1600w, https:\/\/rodal.provesonlinevalles.com\/wp-content\/uploads\/2026\/01\/Socis_web_pau-1-300x212.jpg 300w, https:\/\/rodal.provesonlinevalles.com\/wp-content\/uploads\/2026\/01\/Socis_web_pau-1-1024x724.jpg 1024w, https:\/\/rodal.provesonlinevalles.com\/wp-content\/uploads\/2026\/01\/Socis_web_pau-1-768x543.jpg 768w, https:\/\/rodal.provesonlinevalles.com\/wp-content\/uploads\/2026\/01\/Socis_web_pau-1-1536x1087.jpg 1536w, https:\/\/rodal.provesonlinevalles.com\/wp-content\/uploads\/2026\/01\/Socis_web_pau-1-18x12.jpg 18w\" sizes=\"(max-width: 1600px) 100vw, 1600px\" \/>\t\t\t\t\t\t\t\t\t\t\t\t\t\t\t<\/div>\n\t\t\t\t<\/div>\n\t\t\t\t<\/div>\n\t\t\t\t\t<\/div>\n\t\t\t\t<\/div>\n\t\t\t\t<\/div>","protected":false},"excerpt":{"rendered":"<p>Nosaltres Rodal. Arquitectura-Consultoria. SLP El nostre nom reflecteix la idea de territori i de l\u2019espai perife\u0300ric que connecta la ciutat amb la natura, aixi\u0301 com el desenvolupament d\u2019una arquitectura arrelada al lloc i a la seva identitat. La paraula \u201cRODAL\u201d te\u0301 dos significats que defineixen la rao\u0301 de ser del nostre estudi. D\u2019una banda, es [&hellip;]<\/p>\n","protected":false},"author":2,"featured_media":0,"parent":0,"menu_order":0,"comment_status":"closed","ping_status":"closed","template":"elementor_header_footer","meta":{"_acf_changed":false,"footnotes":""},"class_list":["post-1695","page","type-page","status-publish","hentry"],"acf":[],"yoast_head":"<!-- This site is optimized with the Yoast SEO plugin v27.5 - https:\/\/yoast.com\/product\/yoast-seo-wordpress\/ -->\n<title>Nosaltres - Rodal Arquitectes<\/title>\n<meta name=\"robots\" content=\"noindex, follow, max-snippet:-1, max-image-preview:large, max-video-preview:-1\" \/>\n<meta property=\"og:locale\" content=\"es_ES\" \/>\n<meta property=\"og:type\" content=\"article\" \/>\n<meta property=\"og:title\" content=\"Nosaltres - Rodal Arquitectes\" \/>\n<meta property=\"og:description\" content=\"Nosaltres Rodal. Arquitectura-Consultoria. SLP El nostre nom reflecteix la idea de territori i de l\u2019espai perife\u0300ric que connecta la ciutat amb la natura, aixi\u0301 com el desenvolupament d\u2019una arquitectura arrelada al lloc i a la seva identitat. La paraula \u201cRODAL\u201d te\u0301 dos significats que defineixen la rao\u0301 de ser del nostre estudi. D\u2019una banda, es [&hellip;]\" \/>\n<meta property=\"og:url\" content=\"https:\/\/rodal.provesonlinevalles.com\/es\/nosaltres\/\" \/>\n<meta property=\"og:site_name\" content=\"Rodal Arquitectes\" \/>\n<meta property=\"article:modified_time\" content=\"2026-05-11T11:15:39+00:00\" \/>\n<meta property=\"og:image\" content=\"https:\/\/rodal.provesonlinevalles.com\/wp-content\/uploads\/2026\/01\/Socis_web_pau-1.jpg\" \/>\n<meta name=\"twitter:card\" content=\"summary_large_image\" \/>\n<meta name=\"twitter:label1\" content=\"Tiempo de lectura\" \/>\n\t<meta name=\"twitter:data1\" content=\"2 minutos\" \/>\n<script type=\"application\/ld+json\" class=\"yoast-schema-graph\">{\"@context\":\"https:\\\/\\\/schema.org\",\"@graph\":[{\"@type\":\"WebPage\",\"@id\":\"https:\\\/\\\/rodal.provesonlinevalles.com\\\/nosaltres\\\/\",\"url\":\"https:\\\/\\\/rodal.provesonlinevalles.com\\\/nosaltres\\\/\",\"name\":\"Nosaltres - Rodal Arquitectes\",\"isPartOf\":{\"@id\":\"https:\\\/\\\/rodal.provesonlinevalles.com\\\/#website\"},\"primaryImageOfPage\":{\"@id\":\"https:\\\/\\\/rodal.provesonlinevalles.com\\\/nosaltres\\\/#primaryimage\"},\"image\":{\"@id\":\"https:\\\/\\\/rodal.provesonlinevalles.com\\\/nosaltres\\\/#primaryimage\"},\"thumbnailUrl\":\"https:\\\/\\\/rodal.provesonlinevalles.com\\\/wp-content\\\/uploads\\\/2026\\\/01\\\/Socis_web_pau-1.jpg\",\"datePublished\":\"2025-09-08T08:38:36+00:00\",\"dateModified\":\"2026-05-11T11:15:39+00:00\",\"breadcrumb\":{\"@id\":\"https:\\\/\\\/rodal.provesonlinevalles.com\\\/nosaltres\\\/#breadcrumb\"},\"inLanguage\":\"es\",\"potentialAction\":[{\"@type\":\"ReadAction\",\"target\":[\"https:\\\/\\\/rodal.provesonlinevalles.com\\\/nosaltres\\\/\"]}]},{\"@type\":\"ImageObject\",\"inLanguage\":\"es\",\"@id\":\"https:\\\/\\\/rodal.provesonlinevalles.com\\\/nosaltres\\\/#primaryimage\",\"url\":\"https:\\\/\\\/rodal.provesonlinevalles.com\\\/wp-content\\\/uploads\\\/2026\\\/01\\\/Socis_web_pau-1.jpg\",\"contentUrl\":\"https:\\\/\\\/rodal.provesonlinevalles.com\\\/wp-content\\\/uploads\\\/2026\\\/01\\\/Socis_web_pau-1.jpg\"},{\"@type\":\"BreadcrumbList\",\"@id\":\"https:\\\/\\\/rodal.provesonlinevalles.com\\\/nosaltres\\\/#breadcrumb\",\"itemListElement\":[{\"@type\":\"ListItem\",\"position\":1,\"name\":\"Portada\",\"item\":\"https:\\\/\\\/rodal.provesonlinevalles.com\\\/\"},{\"@type\":\"ListItem\",\"position\":2,\"name\":\"Nosaltres\"}]},{\"@type\":\"WebSite\",\"@id\":\"https:\\\/\\\/rodal.provesonlinevalles.com\\\/#website\",\"url\":\"https:\\\/\\\/rodal.provesonlinevalles.com\\\/\",\"name\":\"Rodal Arquitectes\",\"description\":\"Constru\u00efm una arquitectura sensible i rigorosa\",\"publisher\":{\"@id\":\"https:\\\/\\\/rodal.provesonlinevalles.com\\\/#organization\"},\"potentialAction\":[{\"@type\":\"SearchAction\",\"target\":{\"@type\":\"EntryPoint\",\"urlTemplate\":\"https:\\\/\\\/rodal.provesonlinevalles.com\\\/?s={search_term_string}\"},\"query-input\":{\"@type\":\"PropertyValueSpecification\",\"valueRequired\":true,\"valueName\":\"search_term_string\"}}],\"inLanguage\":\"es\"},{\"@type\":\"Organization\",\"@id\":\"https:\\\/\\\/rodal.provesonlinevalles.com\\\/#organization\",\"name\":\"Rodal Arquitectes\",\"url\":\"https:\\\/\\\/rodal.provesonlinevalles.com\\\/\",\"logo\":{\"@type\":\"ImageObject\",\"inLanguage\":\"es\",\"@id\":\"https:\\\/\\\/rodal.provesonlinevalles.com\\\/#\\\/schema\\\/logo\\\/image\\\/\",\"url\":\"https:\\\/\\\/rodal.provesonlinevalles.com\\\/wp-content\\\/uploads\\\/2026\\\/05\\\/logo-rodal-negre.png\",\"contentUrl\":\"https:\\\/\\\/rodal.provesonlinevalles.com\\\/wp-content\\\/uploads\\\/2026\\\/05\\\/logo-rodal-negre.png\",\"width\":800,\"height\":103,\"caption\":\"Rodal Arquitectes\"},\"image\":{\"@id\":\"https:\\\/\\\/rodal.provesonlinevalles.com\\\/#\\\/schema\\\/logo\\\/image\\\/\"}}]}<\/script>\n<!-- \/ Yoast SEO plugin. -->","yoast_head_json":{"title":"Nosaltres - Rodal Arquitectes","robots":{"index":"noindex","follow":"follow","max-snippet":"max-snippet:-1","max-image-preview":"max-image-preview:large","max-video-preview":"max-video-preview:-1"},"og_locale":"es_ES","og_type":"article","og_title":"Nosaltres - Rodal Arquitectes","og_description":"Nosaltres Rodal. Arquitectura-Consultoria. SLP El nostre nom reflecteix la idea de territori i de l\u2019espai perife\u0300ric que connecta la ciutat amb la natura, aixi\u0301 com el desenvolupament d\u2019una arquitectura arrelada al lloc i a la seva identitat. La paraula \u201cRODAL\u201d te\u0301 dos significats que defineixen la rao\u0301 de ser del nostre estudi. D\u2019una banda, es [&hellip;]","og_url":"https:\/\/rodal.provesonlinevalles.com\/es\/nosaltres\/","og_site_name":"Rodal Arquitectes","article_modified_time":"2026-05-11T11:15:39+00:00","og_image":[{"url":"https:\/\/rodal.provesonlinevalles.com\/wp-content\/uploads\/2026\/01\/Socis_web_pau-1.jpg","type":"","width":"","height":""}],"twitter_card":"summary_large_image","twitter_misc":{"Tiempo de lectura":"2 minutos"},"schema":{"@context":"https:\/\/schema.org","@graph":[{"@type":"WebPage","@id":"https:\/\/rodal.provesonlinevalles.com\/nosaltres\/","url":"https:\/\/rodal.provesonlinevalles.com\/nosaltres\/","name":"Nosaltres - Rodal Arquitectes","isPartOf":{"@id":"https:\/\/rodal.provesonlinevalles.com\/#website"},"primaryImageOfPage":{"@id":"https:\/\/rodal.provesonlinevalles.com\/nosaltres\/#primaryimage"},"image":{"@id":"https:\/\/rodal.provesonlinevalles.com\/nosaltres\/#primaryimage"},"thumbnailUrl":"https:\/\/rodal.provesonlinevalles.com\/wp-content\/uploads\/2026\/01\/Socis_web_pau-1.jpg","datePublished":"2025-09-08T08:38:36+00:00","dateModified":"2026-05-11T11:15:39+00:00","breadcrumb":{"@id":"https:\/\/rodal.provesonlinevalles.com\/nosaltres\/#breadcrumb"},"inLanguage":"es","potentialAction":[{"@type":"ReadAction","target":["https:\/\/rodal.provesonlinevalles.com\/nosaltres\/"]}]},{"@type":"ImageObject","inLanguage":"es","@id":"https:\/\/rodal.provesonlinevalles.com\/nosaltres\/#primaryimage","url":"https:\/\/rodal.provesonlinevalles.com\/wp-content\/uploads\/2026\/01\/Socis_web_pau-1.jpg","contentUrl":"https:\/\/rodal.provesonlinevalles.com\/wp-content\/uploads\/2026\/01\/Socis_web_pau-1.jpg"},{"@type":"BreadcrumbList","@id":"https:\/\/rodal.provesonlinevalles.com\/nosaltres\/#breadcrumb","itemListElement":[{"@type":"ListItem","position":1,"name":"Portada","item":"https:\/\/rodal.provesonlinevalles.com\/"},{"@type":"ListItem","position":2,"name":"Nosaltres"}]},{"@type":"WebSite","@id":"https:\/\/rodal.provesonlinevalles.com\/#website","url":"https:\/\/rodal.provesonlinevalles.com\/","name":"Rodal Arquitectes","description":"Constru\u00efm una arquitectura sensible i rigorosa","publisher":{"@id":"https:\/\/rodal.provesonlinevalles.com\/#organization"},"potentialAction":[{"@type":"SearchAction","target":{"@type":"EntryPoint","urlTemplate":"https:\/\/rodal.provesonlinevalles.com\/?s={search_term_string}"},"query-input":{"@type":"PropertyValueSpecification","valueRequired":true,"valueName":"search_term_string"}}],"inLanguage":"es"},{"@type":"Organization","@id":"https:\/\/rodal.provesonlinevalles.com\/#organization","name":"Rodal Arquitectes","url":"https:\/\/rodal.provesonlinevalles.com\/","logo":{"@type":"ImageObject","inLanguage":"es","@id":"https:\/\/rodal.provesonlinevalles.com\/#\/schema\/logo\/image\/","url":"https:\/\/rodal.provesonlinevalles.com\/wp-content\/uploads\/2026\/05\/logo-rodal-negre.png","contentUrl":"https:\/\/rodal.provesonlinevalles.com\/wp-content\/uploads\/2026\/05\/logo-rodal-negre.png","width":800,"height":103,"caption":"Rodal Arquitectes"},"image":{"@id":"https:\/\/rodal.provesonlinevalles.com\/#\/schema\/logo\/image\/"}}]}},"_links":{"self":[{"href":"https:\/\/rodal.provesonlinevalles.com\/es\/wp-json\/wp\/v2\/pages\/1695","targetHints":{"allow":["GET"]}}],"collection":[{"href":"https:\/\/rodal.provesonlinevalles.com\/es\/wp-json\/wp\/v2\/pages"}],"about":[{"href":"https:\/\/rodal.provesonlinevalles.com\/es\/wp-json\/wp\/v2\/types\/page"}],"author":[{"embeddable":true,"href":"https:\/\/rodal.provesonlinevalles.com\/es\/wp-json\/wp\/v2\/users\/2"}],"replies":[{"embeddable":true,"href":"https:\/\/rodal.provesonlinevalles.com\/es\/wp-json\/wp\/v2\/comments?post=1695"}],"version-history":[{"count":13,"href":"https:\/\/rodal.provesonlinevalles.com\/es\/wp-json\/wp\/v2\/pages\/1695\/revisions"}],"predecessor-version":[{"id":3761,"href":"https:\/\/rodal.provesonlinevalles.com\/es\/wp-json\/wp\/v2\/pages\/1695\/revisions\/3761"}],"wp:attachment":[{"href":"https:\/\/rodal.provesonlinevalles.com\/es\/wp-json\/wp\/v2\/media?parent=1695"}],"curies":[{"name":"wp","href":"https:\/\/api.w.org\/{rel}","templated":true}]}}