{"id":38,"date":"2024-11-06T15:43:33","date_gmt":"2024-11-06T15:43:33","guid":{"rendered":"https:\/\/rodal.provesonlinevalles.com\/?page_id=38"},"modified":"2026-02-26T13:44:38","modified_gmt":"2026-02-26T12:44:38","slug":"politica-de-cookies","status":"publish","type":"page","link":"https:\/\/rodal.provesonlinevalles.com\/en\/politica-de-cookies\/","title":{"rendered":"Cookie Policy"},"content":{"rendered":"<p>RODAL. GESTORA &#8211; PROMOTORA, S.L (ara endavant, el Responsable), a trav\u00e9s del present document, recull la seva Pol\u00edtica de recollida i tractament de cookies, en compliment del que disposa l&#8217;article 22.2 de la Llei 34\/2002, d&#8217;11 de juliol, de Serveis de la societat de la Informaci\u00f3 i de Comer\u00e7 Electr\u00f2nic (LSSI-CE).<\/p>\n\n\n\n<p>Les cookies s&#8217;emmagatzemen a l&#8217;equip terminal de l&#8217;usuari (ordinador o dispositiu m\u00f2bil) i recopilen informaci\u00f3 en visitar la p\u00e0gina web www.sq92.es, per tal de millorar-ne la usabilitat, con\u00e8ixer els h\u00e0bits o necessitats de navegaci\u00f3 dels usuaris per poder adaptar-s&#8217;hi, aix\u00ed com obtenir informaci\u00f3 amb finalitats estad\u00edstiques. En el cas dels usuaris que ja siguin clients del Responsable, la informaci\u00f3 recollida amb les cookies servir\u00e0 tamb\u00e9 per a la seva identificaci\u00f3 en accedir a les diferents eines que el Responsable posa a la vostra disposici\u00f3 per a la gesti\u00f3 dels serveis.<\/p>\n\n\n\n<p>Aquesta Pol\u00edtica de cookies ser\u00e0 aplicable a aquells usuaris que volunt\u00e0riament visitin les p\u00e0gines web del Responsable, omplin formularis de recollida de dades, accedeixin a les eines que el Responsable posa a disposici\u00f3 dels seus clients per gestionar els seus serveis, o utilitzin qualsevol altre servei present al lloc web que impliqui la comunicaci\u00f3 de dades al Responsable, o l&#8217;acc\u00e9s a dades pel Responsable.<\/p>\n\n\n\n<p>El Responsable informa els usuaris de les seves p\u00e0gines web, de l&#8217;exist\u00e8ncia de cookies i posa a la seva disposici\u00f3 aquesta Pol\u00edtica per informar-los sobre l&#8217;\u00fas i l&#8217;objecte de les mateixes. El fet de continuar la navegaci\u00f3 a trav\u00e9s de les p\u00e0gines, suposa el coneixement i l&#8217;acceptaci\u00f3 de la present Pol\u00edtica per part d&#8217;aquests usuaris.<\/p>\n\n\n\n<h2 class=\"wp-block-heading\">El Responsable utilitza els seg\u00fcents tipus de cookies:<\/h2>\n\n\n\n<p><strong>Classificades segons la titularitat:<\/strong><\/p>\n\n\n\n<p><strong>*Cookies pr\u00f2pies<\/strong>: enviades i gestionades directament pel Responsable.<\/p>\n\n\n\n<p><strong>*Cookies de tercers<\/strong>: enviades i gestionades per un tercer ali\u00e8 al Responsable, de forma an\u00f2nima, per tal de realitzar estudis estad\u00edstics de navegaci\u00f3 per les p\u00e0gines web del Responsable.<br>Classificades segons la finalitat:<\/p>\n\n\n\n<p><strong>*Cookies t\u00e8cniques i\/o de personalitzaci\u00f3:<\/strong> faciliten la navegaci\u00f3 en identificar la sessi\u00f3, permetre l&#8217;acc\u00e9s a eines d&#8217;acc\u00e9s restringit, a m\u00e9s de configurar a mida les opcions disponibles. Possibiliten la prestaci\u00f3 del servei sol\u00b7licitat pr\u00e8viament per lusuari.<\/p>\n\n\n\n<p><strong>*Cookies d&#8217;an\u00e0lisi i\/o publicitat<\/strong>: permeten con\u00e8ixer el nombre de visites rebudes a les diferents seccions de les p\u00e0gines web, els h\u00e0bits i tend\u00e8ncies dels seus usuaris i en conseq\u00fc\u00e8ncia, poder millorar la navegaci\u00f3 i el servei ofert pel Responsable (fonamentalment, Google Analytics), aix\u00ed com gestionar els espais publicitaris inclosos a la p\u00e0gina web visitada per l&#8217;usuari. Recull dades de forma an\u00f2nima per obtenir perfils de navegaci\u00f3 dels usuaris.<\/p>\n\n\n\n<p><strong>Classificades segons la durada:<\/strong><\/p>\n\n\n\n<p><strong>*Cookies de sessi\u00f3:<\/strong> recullen i emmagatzemen les dades mentre l&#8217;usuari accedeix a la p\u00e0gina web.<\/p>\n\n\n\n<p><strong>*Cookies persistents<\/strong>: recapten i emmagatzemen les dades al terminal de l&#8217;usuari durant un per\u00edode de temps variable en funci\u00f3 de qu\u00e8 sigui la finalitat per a la qual han estat utilitzades.<\/p>\n\n\n\n<p>El temps de conservaci\u00f3 de les galetes dependr\u00e0 del tipus de qu\u00e8 es tracti i sempre ser\u00e0 el m\u00ednim indispensable per complir la seva finalitat.<\/p>\n\n\n\n<p>En qualsevol cas, els usuaris poden configurar el navegador, de manera que es desactivi o bloquegi la recepci\u00f3 de totes o algunes de les galetes. El fet de no desitjar rebre aquestes galetes no constitueix un impediment per poder accedir a la informaci\u00f3 dels llocs web del Responsable encara que l&#8217;\u00fas d&#8217;alguns serveis podr\u00e0 ser limitat. Si un cop atorgat el consentiment per a la recepci\u00f3 de galetes es vol retirar-lo, s&#8217;hauran d&#8217;eliminar aquelles galetes emmagatzemades a l&#8217;equip de l&#8217;usuari, a trav\u00e9s de les opcions dels diferents navegadors.<\/p>\n\n\n\n<p>La forma de configurar els diferents navegadors per exercitar les accions assenyalades als par\u00e0grafs anteriors, es pot consultar a:<\/p>\n\n\n\n<figure class=\"wp-block-table\"><table class=\"has-fixed-layout\"><thead><tr><td>Navegador<\/td><td>Enlla\u00e7 de suport<\/td><\/tr><\/thead><tbody><tr><td>Internet Explorer<\/td><td><a target=\"_blank\" rel=\"noreferrer noopener\" href=\"https:\/\/www.google.com\/url?sa=E&amp;source=gmail&amp;q=https:\/\/support.microsoft.com\/es-es\/help\/17442\/windows-internet-explorer-delete-manage-cookies#ie=ie-10\">https:\/\/support.microsoft.com\/es-es\/help\/17442\/windows-internet-explorer-delete-manage-cookies#ie=ie-10<\/a><\/td><\/tr><tr><td>Google Chrome<\/td><td><a target=\"_blank\" rel=\"noreferrer noopener\" href=\"https:\/\/support.google.com\/chrome\/answer\/95647?hl=es\">https:\/\/support.google.com\/chrome\/answer\/95647?hl=es<\/a><\/td><\/tr><tr><td>Firefox<\/td><td><a target=\"_blank\" rel=\"noreferrer noopener\" href=\"https:\/\/support.mozilla.org\/es\/kb\/habilitar-y-deshabilitar-cookies-sitios-web-rastrear-preferencias\">https:\/\/support.mozilla.org\/es\/kb\/habilitar-y-deshabilitar-cookies-sitios-web-rastrear-preferencias<\/a><\/td><\/tr><tr><td>Safari<\/td><td><a target=\"_blank\" rel=\"noreferrer noopener\" href=\"https:\/\/support.apple.com\/kb\/ph21411?locale=es_ES\">https:\/\/support.apple.com\/kb\/ph21411?locale=es_ES<\/a><\/td><\/tr><tr><td>Opera<\/td><td><a target=\"_blank\" rel=\"noreferrer noopener\" href=\"https:\/\/help.opera.com\/es\/Windows\/11.50\/es-ES\/cookies.html\">https:\/\/help.opera.com\/es\/Windows\/11.50\/es-ES\/cookies.html<\/a><\/td><\/tr><\/tbody><\/table><\/figure>\n\n\n\n<p>Aquesta p\u00e0gina web utilitza Google Analytics, un servei anal\u00edtic web proporcionat per Google, Inc. (Google, ara endavant). Google Analytics utilitza les anomenades \u201ccookies\u201d, arxius de text que s&#8217;instal\u00b7len a l&#8217;ordinador i que fan possible l&#8217;an\u00e0lisi del comportament dels usuaris a Internet. La informaci\u00f3 que genera la galeta sobre l&#8217;\u00fas que realitza l&#8217;usuari de la p\u00e0gina web es transmet i s&#8217;emmagatzema generalment als servidors de Google dels Estats Units. En cas d&#8217;activar l&#8217;opci\u00f3 d&#8217;IP an\u00f2nima a la p\u00e0gina web, l&#8217;adre\u00e7a IP no apareixer\u00e0 completa dins dels pa\u00efsos de la Uni\u00f3 Europea o als altres pa\u00efsos que aix\u00ed ho hagin acordat dins l&#8217;espai econ\u00f2mic de la Uni\u00f3 Europea.<\/p>\n\n\n\n<p>Nom\u00e9s excepcionalment es transmetr\u00e0 l&#8217;adre\u00e7a IP completa a un servidor de Google als Estats Units i un cop s&#8217;escur\u00e7ar\u00e0 all\u00e0. \u00danicament amb autoritzaci\u00f3 de l&#8217;usuari de la p\u00e0gina, Google utilitzar\u00e0 aquesta informaci\u00f3 per valorar el comportament de l&#8217;usuari a la p\u00e0gina web, generar informes sobre les activitats del web i oferir a l&#8217;amo de la p\u00e0gina serveis relacionats amb l&#8217;\u00fas web i d&#8217;Internet. L&#8217;adre\u00e7a IP transmesa pel vostre navegador en el marc de Google Analytics no s&#8217;associar\u00e0 amb altres dades de Google. L&#8217;usuari pot evitar l&#8217;emmagatzematge de galetes configurant el navegador corresponentment de manera que no s&#8217;emmagatzemin les galetes. Aquesta configuraci\u00f3 pot afectar la plena funcionalitat de la p\u00e0gina web. Amb l\u00fas daquesta web, lusuari est\u00e0 dacord amb el processament de dades per Google de la forma anteriorment esmentada. L&#8217;usuari tamb\u00e9 pot evitar el registre de les dades generades per les cookies i de les relacionades a l&#8217;\u00fas de la p\u00e0gina web (inclosa l&#8217;adre\u00e7a IP), aix\u00ed com el processament de les mateixes descarregant i instal\u00b7lant el seg\u00fcent plugin per al navegador disponible a trav\u00e9s d&#8217;aquest link: <a href=\"http:\/\/tools.google.com\/dlpage\/gaoptout\">http:\/\/tools.google.com\/dlpage\/gaoptout<\/a>.<\/p>\n\n\n\n<p>M\u00e9s informaci\u00f3 sobre els termes i les condicions d&#8217;\u00fas i la pol\u00edtica de privadesa en les <a href=\"https:\/\/marketingplatform.google.com\/about\/analytics\/terms\/es\/\">condicions d&#8217;\u00fas de Google Analytics <\/a>o en les<a href=\"https:\/\/support.google.com\/analytics\/answer\/6004245\"> condicions generals de Google Analytics<\/a>. Tingueu en compte que en aquesta p\u00e0gina el codi de Google analytics inclou l&#8217;etiqueta \u201cgat._anonymizeIp();\u201d, que assegura la recol\u00b7lecci\u00f3 d&#8217;adreces IP de manera an\u00f2nima (m\u00e0scara d&#8217;IP).<\/p>","protected":false},"excerpt":{"rendered":"<p>RODAL. GESTORA &#8211; PROMOTORA, S.L (ara endavant, el Responsable), a trav\u00e9s del present document, recull la seva Pol\u00edtica de recollida i tractament de cookies, en compliment del que disposa l&#8217;article 22.2 de la Llei 34\/2002, d&#8217;11 de juliol, de Serveis de la societat de la Informaci\u00f3 i de Comer\u00e7 Electr\u00f2nic (LSSI-CE). Les cookies s&#8217;emmagatzemen a [&hellip;]<\/p>\n","protected":false},"author":2,"featured_media":0,"parent":0,"menu_order":0,"comment_status":"closed","ping_status":"closed","template":"","meta":{"_acf_changed":false,"footnotes":""},"class_list":["post-38","page","type-page","status-publish","hentry"],"acf":[],"yoast_head":"<!-- This site is optimized with the Yoast SEO plugin v27.5 - https:\/\/yoast.com\/product\/yoast-seo-wordpress\/ -->\n<title>Pol\u00edtica de Cookies - Rodal Arquitectes<\/title>\n<meta name=\"robots\" content=\"noindex, follow, max-snippet:-1, max-image-preview:large, max-video-preview:-1\" \/>\n<meta property=\"og:locale\" content=\"en_GB\" \/>\n<meta property=\"og:type\" content=\"article\" \/>\n<meta property=\"og:title\" content=\"Pol\u00edtica de Cookies - Rodal Arquitectes\" \/>\n<meta property=\"og:description\" content=\"RODAL. GESTORA &#8211; PROMOTORA, S.L (ara endavant, el Responsable), a trav\u00e9s del present document, recull la seva Pol\u00edtica de recollida i tractament de cookies, en compliment del que disposa l&#8217;article 22.2 de la Llei 34\/2002, d&#8217;11 de juliol, de Serveis de la societat de la Informaci\u00f3 i de Comer\u00e7 Electr\u00f2nic (LSSI-CE). Les cookies s&#8217;emmagatzemen a [&hellip;]\" \/>\n<meta property=\"og:url\" content=\"https:\/\/rodal.provesonlinevalles.com\/en\/politica-de-cookies\/\" \/>\n<meta property=\"og:site_name\" content=\"Rodal Arquitectes\" \/>\n<meta property=\"article:modified_time\" content=\"2026-02-26T12:44:38+00:00\" \/>\n<meta name=\"twitter:card\" content=\"summary_large_image\" \/>\n<meta name=\"twitter:label1\" content=\"Estimated reading time\" \/>\n\t<meta name=\"twitter:data1\" content=\"6 minutes\" \/>\n<script type=\"application\/ld+json\" class=\"yoast-schema-graph\">{\"@context\":\"https:\\\/\\\/schema.org\",\"@graph\":[{\"@type\":\"WebPage\",\"@id\":\"https:\\\/\\\/rodal.provesonlinevalles.com\\\/politica-de-cookies\\\/\",\"url\":\"https:\\\/\\\/rodal.provesonlinevalles.com\\\/politica-de-cookies\\\/\",\"name\":\"Pol\u00edtica de Cookies - Rodal Arquitectes\",\"isPartOf\":{\"@id\":\"https:\\\/\\\/rodal.provesonlinevalles.com\\\/#website\"},\"datePublished\":\"2024-11-06T15:43:33+00:00\",\"dateModified\":\"2026-02-26T12:44:38+00:00\",\"breadcrumb\":{\"@id\":\"https:\\\/\\\/rodal.provesonlinevalles.com\\\/politica-de-cookies\\\/#breadcrumb\"},\"inLanguage\":\"en-GB\",\"potentialAction\":[{\"@type\":\"ReadAction\",\"target\":[\"https:\\\/\\\/rodal.provesonlinevalles.com\\\/politica-de-cookies\\\/\"]}]},{\"@type\":\"BreadcrumbList\",\"@id\":\"https:\\\/\\\/rodal.provesonlinevalles.com\\\/politica-de-cookies\\\/#breadcrumb\",\"itemListElement\":[{\"@type\":\"ListItem\",\"position\":1,\"name\":\"Portada\",\"item\":\"https:\\\/\\\/rodal.provesonlinevalles.com\\\/\"},{\"@type\":\"ListItem\",\"position\":2,\"name\":\"Pol\u00edtica de Cookies\"}]},{\"@type\":\"WebSite\",\"@id\":\"https:\\\/\\\/rodal.provesonlinevalles.com\\\/#website\",\"url\":\"https:\\\/\\\/rodal.provesonlinevalles.com\\\/\",\"name\":\"Rodal Arquitectes\",\"description\":\"Constru\u00efm una arquitectura sensible i rigorosa\",\"publisher\":{\"@id\":\"https:\\\/\\\/rodal.provesonlinevalles.com\\\/#organization\"},\"potentialAction\":[{\"@type\":\"SearchAction\",\"target\":{\"@type\":\"EntryPoint\",\"urlTemplate\":\"https:\\\/\\\/rodal.provesonlinevalles.com\\\/?s={search_term_string}\"},\"query-input\":{\"@type\":\"PropertyValueSpecification\",\"valueRequired\":true,\"valueName\":\"search_term_string\"}}],\"inLanguage\":\"en-GB\"},{\"@type\":\"Organization\",\"@id\":\"https:\\\/\\\/rodal.provesonlinevalles.com\\\/#organization\",\"name\":\"Rodal Arquitectes\",\"url\":\"https:\\\/\\\/rodal.provesonlinevalles.com\\\/\",\"logo\":{\"@type\":\"ImageObject\",\"inLanguage\":\"en-GB\",\"@id\":\"https:\\\/\\\/rodal.provesonlinevalles.com\\\/#\\\/schema\\\/logo\\\/image\\\/\",\"url\":\"https:\\\/\\\/rodal.provesonlinevalles.com\\\/wp-content\\\/uploads\\\/2026\\\/05\\\/logo-rodal-negre.png\",\"contentUrl\":\"https:\\\/\\\/rodal.provesonlinevalles.com\\\/wp-content\\\/uploads\\\/2026\\\/05\\\/logo-rodal-negre.png\",\"width\":800,\"height\":103,\"caption\":\"Rodal Arquitectes\"},\"image\":{\"@id\":\"https:\\\/\\\/rodal.provesonlinevalles.com\\\/#\\\/schema\\\/logo\\\/image\\\/\"}}]}<\/script>\n<!-- \/ Yoast SEO plugin. -->","yoast_head_json":{"title":"Pol\u00edtica de Cookies - Rodal Arquitectes","robots":{"index":"noindex","follow":"follow","max-snippet":"max-snippet:-1","max-image-preview":"max-image-preview:large","max-video-preview":"max-video-preview:-1"},"og_locale":"en_GB","og_type":"article","og_title":"Pol\u00edtica de Cookies - Rodal Arquitectes","og_description":"RODAL. GESTORA &#8211; PROMOTORA, S.L (ara endavant, el Responsable), a trav\u00e9s del present document, recull la seva Pol\u00edtica de recollida i tractament de cookies, en compliment del que disposa l&#8217;article 22.2 de la Llei 34\/2002, d&#8217;11 de juliol, de Serveis de la societat de la Informaci\u00f3 i de Comer\u00e7 Electr\u00f2nic (LSSI-CE). Les cookies s&#8217;emmagatzemen a [&hellip;]","og_url":"https:\/\/rodal.provesonlinevalles.com\/en\/politica-de-cookies\/","og_site_name":"Rodal Arquitectes","article_modified_time":"2026-02-26T12:44:38+00:00","twitter_card":"summary_large_image","twitter_misc":{"Estimated reading time":"6 minutes"},"schema":{"@context":"https:\/\/schema.org","@graph":[{"@type":"WebPage","@id":"https:\/\/rodal.provesonlinevalles.com\/politica-de-cookies\/","url":"https:\/\/rodal.provesonlinevalles.com\/politica-de-cookies\/","name":"Pol\u00edtica de Cookies - Rodal Arquitectes","isPartOf":{"@id":"https:\/\/rodal.provesonlinevalles.com\/#website"},"datePublished":"2024-11-06T15:43:33+00:00","dateModified":"2026-02-26T12:44:38+00:00","breadcrumb":{"@id":"https:\/\/rodal.provesonlinevalles.com\/politica-de-cookies\/#breadcrumb"},"inLanguage":"en-GB","potentialAction":[{"@type":"ReadAction","target":["https:\/\/rodal.provesonlinevalles.com\/politica-de-cookies\/"]}]},{"@type":"BreadcrumbList","@id":"https:\/\/rodal.provesonlinevalles.com\/politica-de-cookies\/#breadcrumb","itemListElement":[{"@type":"ListItem","position":1,"name":"Portada","item":"https:\/\/rodal.provesonlinevalles.com\/"},{"@type":"ListItem","position":2,"name":"Pol\u00edtica de Cookies"}]},{"@type":"WebSite","@id":"https:\/\/rodal.provesonlinevalles.com\/#website","url":"https:\/\/rodal.provesonlinevalles.com\/","name":"Rodal Arquitectes","description":"Constru\u00efm una arquitectura sensible i rigorosa","publisher":{"@id":"https:\/\/rodal.provesonlinevalles.com\/#organization"},"potentialAction":[{"@type":"SearchAction","target":{"@type":"EntryPoint","urlTemplate":"https:\/\/rodal.provesonlinevalles.com\/?s={search_term_string}"},"query-input":{"@type":"PropertyValueSpecification","valueRequired":true,"valueName":"search_term_string"}}],"inLanguage":"en-GB"},{"@type":"Organization","@id":"https:\/\/rodal.provesonlinevalles.com\/#organization","name":"Rodal Arquitectes","url":"https:\/\/rodal.provesonlinevalles.com\/","logo":{"@type":"ImageObject","inLanguage":"en-GB","@id":"https:\/\/rodal.provesonlinevalles.com\/#\/schema\/logo\/image\/","url":"https:\/\/rodal.provesonlinevalles.com\/wp-content\/uploads\/2026\/05\/logo-rodal-negre.png","contentUrl":"https:\/\/rodal.provesonlinevalles.com\/wp-content\/uploads\/2026\/05\/logo-rodal-negre.png","width":800,"height":103,"caption":"Rodal Arquitectes"},"image":{"@id":"https:\/\/rodal.provesonlinevalles.com\/#\/schema\/logo\/image\/"}}]}},"_links":{"self":[{"href":"https:\/\/rodal.provesonlinevalles.com\/en\/wp-json\/wp\/v2\/pages\/38","targetHints":{"allow":["GET"]}}],"collection":[{"href":"https:\/\/rodal.provesonlinevalles.com\/en\/wp-json\/wp\/v2\/pages"}],"about":[{"href":"https:\/\/rodal.provesonlinevalles.com\/en\/wp-json\/wp\/v2\/types\/page"}],"author":[{"embeddable":true,"href":"https:\/\/rodal.provesonlinevalles.com\/en\/wp-json\/wp\/v2\/users\/2"}],"replies":[{"embeddable":true,"href":"https:\/\/rodal.provesonlinevalles.com\/en\/wp-json\/wp\/v2\/comments?post=38"}],"version-history":[{"count":8,"href":"https:\/\/rodal.provesonlinevalles.com\/en\/wp-json\/wp\/v2\/pages\/38\/revisions"}],"predecessor-version":[{"id":3286,"href":"https:\/\/rodal.provesonlinevalles.com\/en\/wp-json\/wp\/v2\/pages\/38\/revisions\/3286"}],"wp:attachment":[{"href":"https:\/\/rodal.provesonlinevalles.com\/en\/wp-json\/wp\/v2\/media?parent=38"}],"curies":[{"name":"wp","href":"https:\/\/api.w.org\/{rel}","templated":true}]}}