{"id":36,"date":"2024-11-06T15:43:20","date_gmt":"2024-11-06T15:43:20","guid":{"rendered":"https:\/\/rodal.provesonlinevalles.com\/?page_id=36"},"modified":"2026-02-26T13:27:47","modified_gmt":"2026-02-26T12:27:47","slug":"politica-de-privacidad","status":"publish","type":"page","link":"https:\/\/rodal.provesonlinevalles.com\/en\/politica-de-privacidad\/","title":{"rendered":"Privacy policy"},"content":{"rendered":"<p>A efecte del previst al Reglament (UE) 2016\/679, del Parlament Europeu i del Consell, de 27 d&#8217;abril del 2016, RODAL. GESTORA &#8211; PROMOTORA, S.L (ara endavant, el Responsable) amb NIF B22756225 informa a l&#8217;Usuari que les seves dades de car\u00e0cter personal seran tractades amb la finalitat de prestar-li els serveis sol\u00b7licitats i enviar-li la informaci\u00f3 sobre la nostra empresa que pugui ser del seu inter\u00e8s.<\/p>\n\n\n\n<h2 class=\"wp-block-heading\">Responsable del tractament<\/h2>\n\n\n\n<p>L&#8217;empresa responsable del tractament de les vostres dades en virtut d&#8217;aquesta Pol\u00edtica de Privadesa \u00e9s:<\/p>\n\n\n\n<p><strong>RODAL. GESTORA &#8211; PROMOTORA, S.L<br>NIF: B22756225<br>Domicili: CL\/ RONDA MAIOLS, No 1, 08192, SANT QUIRZE DEL VALLES, BARCELONA<br>Adre\u00e7a de correu electr\u00f2nic: dserrano@rodal.cat<br>Web: www.rodal.cat<br>Tel\u00e8fon: 603589340<\/strong><\/p>\n\n\n\n<h2 class=\"wp-block-heading\">Base jur\u00eddica del tractament<\/h2>\n\n\n\n<p>El RESPONSABLE tractar\u00e0 les dades personals de l&#8217;usuari sobre la base del consentiment expr\u00e9s que aquest atorga una vegada llegida la Pol\u00edtica de privadesa, en atenci\u00f3 a l&#8217;article 6.1.a) Reglament UE 2016\/679 de Protecci\u00f3 de dades personals.<\/p>\n\n\n\n<h3 class=\"wp-block-heading\">Enviament i registre de dades de car\u00e0cter personal<\/h3>\n\n\n\n<p>L&#8217;enviament de dades de car\u00e0cter personal \u00e9s obligatori per contactar i rebre informaci\u00f3 sobre els serveis prestats pel Responsable. Aix\u00ed mateix, no facilitar les dades personals sol\u00b7licitades o no acceptar aquesta pol\u00edtica de protecci\u00f3 de dades suposa la impossibilitat de subscriure&#8217;s, registrar-se o rebre informaci\u00f3 d&#8217;aquests serveis.<\/p>\n\n\n\n<p>Quan les dades de car\u00e0cter personal siguin obtingudes de l&#8217;afectat a trav\u00e9s de xarxes de comunicacions electr\u00f2niques o en el marc de la prestaci\u00f3 d&#8217;un servei de la societat de la informaci\u00f3, aix\u00ed com en aquells altres sup\u00f2sits expressament establerts per la llei o quan aix\u00ed ho autoritzi l&#8217;Ag\u00e8ncia Espanyola de Protecci\u00f3 de Dades, el responsable del tractament podr\u00e0 donar compliment al deure d&#8217;informaci\u00f3 establert a l&#8217;article 17 del Reglament 6\/6 seg\u00fcent:<\/p>\n\n\n\n<ul class=\"wp-block-list\">\n<li>a) La identitat del responsable del tractament i del seu representant, si escau. <\/li>\n\n\n\n<li>b) La finalitat del tractament.<\/li>\n\n\n\n<li>c) La manera com l&#8217;afectat podr\u00e0 exercir els drets establerts als articles 15 a 22 del Reglament (UE) 2016\/679.<\/li>\n<\/ul>\n\n\n\n<p>No obstant aix\u00f2, els responsables i encarregats del tractament o, si escau, els seus representants han de mantenir el registre d&#8217;activitats de tractament a qu\u00e8 fa refer\u00e8ncia l&#8217;article 30 del Reglament (UE) 2016\/679, llevat que l&#8217;empresa o l&#8217;organitzaci\u00f3 ocupin menys de 250 persones, amb l&#8217;excepci\u00f3 que el tractament que realitzi pugui suposar un risc per als drets i les llibertats dels interessats, no l&#8217;article 9, apartat 1, o dades personals relatives a condemnes i infraccions penals a qu\u00e8 fa refer\u00e8ncia l&#8217;article 10 del Reglament (UE) 2016\/679.<\/p>\n\n\n\n<p>Finalment, l&#8217;article 5.1.f) del Reglament (UE) 2016\/679 determina la necessitat establir garanties de seguretat adequades contra el tractament no autoritzat o il\u00b7l\u00edcit, contra la p\u00e8rdua de les dades personals, la destrucci\u00f3 o el dany accidental. Aix\u00f2 implica l&#8217;establiment de mesures t\u00e8cniques i organitzatives encaminades a assegurar la integritat i la confidencialitat de les dades personals i la possibilitat (article 5.2) de demostrar que aquestes mesures s&#8217;han dut a la pr\u00e0ctica (responsabilitat proactiva).<\/p>\n\n\n\n<h3 class=\"wp-block-heading\">Cessi\u00f3 o comunicaci\u00f3 de dades personals i transfer\u00e8ncies internacionals<\/h3>\n\n\n\n<p>El Responsable no cedir\u00e0 les dades personals a tercers. Aix\u00f2 no obstant, en el cas de ser cedits a algun tercer es produiria una informaci\u00f3 pr\u00e8via sol\u00b7licitant el consentiment expr\u00e9s de l&#8217;afectat en virtut de l&#8217;article 4.11 del Reglament (UE) 2016\/679 de 27 d&#8217;abril del 2016.<\/p>\n\n\n\n<p>No estan previstes transfer\u00e8ncies de dades a tercers pa\u00efsos.<\/p>\n\n\n\n<h3 class=\"wp-block-heading\">Exactitud i veracitat de les dades facilitades<\/h3>\n\n\n\n<p>L&#8217;Usuari que envia la informaci\u00f3 al Responsable \u00e9s l&#8217;\u00fanic responsable de la veracitat i correcci\u00f3 de les dades incloses, i el Responsable s&#8217;exonera de qualsevol responsabilitat sobre aquest tema.<\/p>\n\n\n\n<p>Els usuaris garanteixen i responen, en qualsevol cas, de l&#8217;exactitud, vig\u00e8ncia i autenticitat de les dades personals facilitades, i es comprometen a mantenir-les degudament actualitzades. L&#8217;Usuari accepta proporcionar informaci\u00f3 completa i correcta al formulari de registre o subscripci\u00f3.<\/p>\n\n\n\n<p>El Responsable no respon de la veracitat de les informacions que no siguin d&#8217;elaboraci\u00f3 pr\u00f2pia i de les quals s&#8217;indiqui una altra font, per la qual cosa tampoc no assumeix cap responsabilitat quant a hipot\u00e8tics perjudicis que es puguin originar per l&#8217;\u00fas d&#8217;aquesta informaci\u00f3. S&#8217;exonera el Responsable de responsabilitat davant de qualsevol dany o perjudici que pogu\u00e9s patir l&#8217;Usuari com a conseq\u00fc\u00e8ncia d&#8217;errors, defectes o omissions, en la informaci\u00f3 facilitada pel Responsable sempre que procedeixi de fonts alienes al Responsable.<\/p>\n\n\n\n<p>En qualsevol cas, el temps de conservaci\u00f3 ser\u00e0 l&#8217;indispensable i s&#8217;haur\u00e0 de mantenir com a m\u00ednim:<\/p>\n\n\n\n<ul class=\"wp-block-list\">\n<li>4 anys: Llei sobre Infraccions i Sancions a l&#8217;Ordre Social (obligacions en mat\u00e8ria d&#8217;afiliaci\u00f3, altes, baixes, cotitzaci\u00f3, pagament de salaris\u2026); Arts. 66 i seg. Llei General Tribut\u00e0ria (llibres de comptabilitat\u2026)<\/li>\n\n\n\n<li>5 anys: Art. 1964 Codi Civil (accions personals sense termini especial)<\/li>\n\n\n\n<li>6 anys: Art. 30 Codi de Comer\u00e7 (llibres de comptabilitat, factures\u2026)<\/li>\n\n\n\n<li>10 anys: Art. 25 Llei de Prevenci\u00f3 del Blanqueig de Capitals i Finan\u00e7ament del Terrorisme.<\/li>\n<\/ul>\n\n\n\n<h3 class=\"wp-block-heading\">Exercici de drets d&#8217;acc\u00e9s, rectificaci\u00f3, supressi\u00f3, limitaci\u00f3, portabilitat i oposici\u00f3<\/h3>\n\n\n\n<p>Podreu dirigir les vostres comunicacions i exercitar els drets d&#8217;acc\u00e9s, rectificaci\u00f3, supressi\u00f3, limitaci\u00f3, portabilitat i oposici\u00f3 a trav\u00e9s de correu postal al Responsable CL\/ RONDA MAIOLS, No 1, 08192, SANT QUIRZE DEL VALLS, BARCELONA o al correu electr\u00f2nic: dserrano@rodal.cat juntament amb prova . i indicant a l&#8217;assumpte &#8220;PROTECCI\u00d3 DE DADES&#8221;.<\/p>\n\n\n\n<p>Aix\u00ed mateix, podeu adre\u00e7ar-vos a l&#8217;Autoritat de Control en mat\u00e8ria de Protecci\u00f3 de Dades competent per obtenir informaci\u00f3 addicional o presentar una reclamaci\u00f3.<\/p>\n\n\n\n<h3 class=\"wp-block-heading\">Acceptaci\u00f3 i consentiment<\/h3>\n\n\n\n<p>L&#8217;Usuari declara haver estat informat de les condicions sobre protecci\u00f3 de dades de car\u00e0cter personal, acceptant i consentint-ne el tractament per part del Responsable, en la forma i per a les finalitats indicades a la present Pol\u00edtica de Protecci\u00f3 de Dades Personals.<\/p>\n\n\n\n<h3 class=\"wp-block-heading\">Canvis en aquesta pol\u00edtica de privadesa<\/h3>\n\n\n\n<p>El Responsable es reserva el dret a modificar aquesta pol\u00edtica per adaptar-la a novetats legislatives o jurisprudencials, aix\u00ed com a pr\u00e0ctiques de la ind\u00fastria. En aquests sup\u00f2sits, el Responsable anunciar\u00e0 en aquesta p\u00e0gina els canvis introdu\u00efts amb una antelaci\u00f3 raonable a la seva posada en pr\u00e0ctica.<\/p>\n\n\n\n<h3 class=\"wp-block-heading\">*reCAPTCHA <\/h3>\n\n\n\n<p>Utilitzem el servei reCAPTCHA de Google Inc. (Google, ara endavant) per protegir les dades enviades a trav\u00e9s dels formularis de les p\u00e0gines dels nostres usuaris. Aquest servei permet diferenciar les dades enviades per persones dels missatges automatitzats i suposa la transmissi\u00f3 de ladre\u00e7a IP i altres dades requerides per Google per a l\u00fas del servei reCAPTCHA. Amb aquesta finalitat, les dades seran transmeses a Google per poder ser utilitzades. L&#8217;adre\u00e7a IP ser\u00e0 encriptada per Google als estats membres de la Uni\u00f3 Europea aix\u00ed com als estats associats a l&#8217;espai econ\u00f2mic europeu. Nom\u00e9s en alguns casos excepcionals, les adreces IP seran transmeses al servidor de Google als Estats Units per a la seva encriptaci\u00f3. En nom del propietari d&#8217;aquest lloc web, Google utilitzar\u00e0 aquestes informacions per avaluar l&#8217;\u00fas del servei per part dels usuaris.<\/p>\n\n\n\n<p>L&#8217;adre\u00e7a IP transmesa per reCAPTCHA es mantindr\u00e0 separada d&#8217;altres dades de Google. Per a aquestes dades \u00e9s v\u00e0lida la pol\u00edtica de privadesa de Google. Tots els detalls sobre la pol\u00edtica de privadesa de Google es poden llegir a la p\u00e0gina <a href=\"https:\/\/www.google.com\/intl\/es\/policies\/privacy\/\">https:\/\/www.google.com\/intl\/es\/policies\/privacy\/<\/a>.<\/p>\n\n\n\n<p>En utilitzar el servei reCAPTCHA, l&#8217;usuari consenteix el tractament de les dades sobre ell de qu\u00e8 Google disposa en la forma i prop\u00f2sits establerts m\u00e9s amunt.<\/p>","protected":false},"excerpt":{"rendered":"<p>A efecte del previst al Reglament (UE) 2016\/679, del Parlament Europeu i del Consell, de 27 d&#8217;abril del 2016, RODAL. GESTORA &#8211; PROMOTORA, S.L (ara endavant, el Responsable) amb NIF B22756225 informa a l&#8217;Usuari que les seves dades de car\u00e0cter personal seran tractades amb la finalitat de prestar-li els serveis sol\u00b7licitats i enviar-li la informaci\u00f3 [&hellip;]<\/p>\n","protected":false},"author":2,"featured_media":0,"parent":0,"menu_order":0,"comment_status":"closed","ping_status":"closed","template":"","meta":{"_acf_changed":false,"footnotes":""},"class_list":["post-36","page","type-page","status-publish","hentry"],"acf":[],"yoast_head":"<!-- This site is optimized with the Yoast SEO plugin v27.5 - https:\/\/yoast.com\/product\/yoast-seo-wordpress\/ -->\n<title>Pol\u00edtica de privacitat - Rodal Arquitectes<\/title>\n<meta name=\"robots\" content=\"noindex, follow, max-snippet:-1, max-image-preview:large, max-video-preview:-1\" \/>\n<meta property=\"og:locale\" content=\"en_GB\" \/>\n<meta property=\"og:type\" content=\"article\" \/>\n<meta property=\"og:title\" content=\"Pol\u00edtica de privacitat - Rodal Arquitectes\" \/>\n<meta property=\"og:description\" content=\"A efecte del previst al Reglament (UE) 2016\/679, del Parlament Europeu i del Consell, de 27 d&#8217;abril del 2016, RODAL. GESTORA &#8211; PROMOTORA, S.L (ara endavant, el Responsable) amb NIF B22756225 informa a l&#8217;Usuari que les seves dades de car\u00e0cter personal seran tractades amb la finalitat de prestar-li els serveis sol\u00b7licitats i enviar-li la informaci\u00f3 [&hellip;]\" \/>\n<meta property=\"og:url\" content=\"https:\/\/rodal.provesonlinevalles.com\/en\/politica-de-privacidad\/\" \/>\n<meta property=\"og:site_name\" content=\"Rodal Arquitectes\" \/>\n<meta property=\"article:modified_time\" content=\"2026-02-26T12:27:47+00:00\" \/>\n<meta name=\"twitter:card\" content=\"summary_large_image\" \/>\n<meta name=\"twitter:label1\" content=\"Estimated reading time\" \/>\n\t<meta name=\"twitter:data1\" content=\"7 minutes\" \/>\n<script type=\"application\/ld+json\" class=\"yoast-schema-graph\">{\"@context\":\"https:\\\/\\\/schema.org\",\"@graph\":[{\"@type\":\"WebPage\",\"@id\":\"https:\\\/\\\/rodal.provesonlinevalles.com\\\/politica-de-privacidad\\\/\",\"url\":\"https:\\\/\\\/rodal.provesonlinevalles.com\\\/politica-de-privacidad\\\/\",\"name\":\"Pol\u00edtica de privacitat - Rodal Arquitectes\",\"isPartOf\":{\"@id\":\"https:\\\/\\\/rodal.provesonlinevalles.com\\\/#website\"},\"datePublished\":\"2024-11-06T15:43:20+00:00\",\"dateModified\":\"2026-02-26T12:27:47+00:00\",\"breadcrumb\":{\"@id\":\"https:\\\/\\\/rodal.provesonlinevalles.com\\\/politica-de-privacidad\\\/#breadcrumb\"},\"inLanguage\":\"en-GB\",\"potentialAction\":[{\"@type\":\"ReadAction\",\"target\":[\"https:\\\/\\\/rodal.provesonlinevalles.com\\\/politica-de-privacidad\\\/\"]}]},{\"@type\":\"BreadcrumbList\",\"@id\":\"https:\\\/\\\/rodal.provesonlinevalles.com\\\/politica-de-privacidad\\\/#breadcrumb\",\"itemListElement\":[{\"@type\":\"ListItem\",\"position\":1,\"name\":\"Portada\",\"item\":\"https:\\\/\\\/rodal.provesonlinevalles.com\\\/\"},{\"@type\":\"ListItem\",\"position\":2,\"name\":\"Pol\u00edtica de privacitat\"}]},{\"@type\":\"WebSite\",\"@id\":\"https:\\\/\\\/rodal.provesonlinevalles.com\\\/#website\",\"url\":\"https:\\\/\\\/rodal.provesonlinevalles.com\\\/\",\"name\":\"Rodal Arquitectes\",\"description\":\"Constru\u00efm una arquitectura sensible i rigorosa\",\"publisher\":{\"@id\":\"https:\\\/\\\/rodal.provesonlinevalles.com\\\/#organization\"},\"potentialAction\":[{\"@type\":\"SearchAction\",\"target\":{\"@type\":\"EntryPoint\",\"urlTemplate\":\"https:\\\/\\\/rodal.provesonlinevalles.com\\\/?s={search_term_string}\"},\"query-input\":{\"@type\":\"PropertyValueSpecification\",\"valueRequired\":true,\"valueName\":\"search_term_string\"}}],\"inLanguage\":\"en-GB\"},{\"@type\":\"Organization\",\"@id\":\"https:\\\/\\\/rodal.provesonlinevalles.com\\\/#organization\",\"name\":\"Rodal Arquitectes\",\"url\":\"https:\\\/\\\/rodal.provesonlinevalles.com\\\/\",\"logo\":{\"@type\":\"ImageObject\",\"inLanguage\":\"en-GB\",\"@id\":\"https:\\\/\\\/rodal.provesonlinevalles.com\\\/#\\\/schema\\\/logo\\\/image\\\/\",\"url\":\"https:\\\/\\\/rodal.provesonlinevalles.com\\\/wp-content\\\/uploads\\\/2026\\\/05\\\/logo-rodal-negre.png\",\"contentUrl\":\"https:\\\/\\\/rodal.provesonlinevalles.com\\\/wp-content\\\/uploads\\\/2026\\\/05\\\/logo-rodal-negre.png\",\"width\":800,\"height\":103,\"caption\":\"Rodal Arquitectes\"},\"image\":{\"@id\":\"https:\\\/\\\/rodal.provesonlinevalles.com\\\/#\\\/schema\\\/logo\\\/image\\\/\"}}]}<\/script>\n<!-- \/ Yoast SEO plugin. -->","yoast_head_json":{"title":"Pol\u00edtica de privacitat - Rodal Arquitectes","robots":{"index":"noindex","follow":"follow","max-snippet":"max-snippet:-1","max-image-preview":"max-image-preview:large","max-video-preview":"max-video-preview:-1"},"og_locale":"en_GB","og_type":"article","og_title":"Pol\u00edtica de privacitat - Rodal Arquitectes","og_description":"A efecte del previst al Reglament (UE) 2016\/679, del Parlament Europeu i del Consell, de 27 d&#8217;abril del 2016, RODAL. GESTORA &#8211; PROMOTORA, S.L (ara endavant, el Responsable) amb NIF B22756225 informa a l&#8217;Usuari que les seves dades de car\u00e0cter personal seran tractades amb la finalitat de prestar-li els serveis sol\u00b7licitats i enviar-li la informaci\u00f3 [&hellip;]","og_url":"https:\/\/rodal.provesonlinevalles.com\/en\/politica-de-privacidad\/","og_site_name":"Rodal Arquitectes","article_modified_time":"2026-02-26T12:27:47+00:00","twitter_card":"summary_large_image","twitter_misc":{"Estimated reading time":"7 minutes"},"schema":{"@context":"https:\/\/schema.org","@graph":[{"@type":"WebPage","@id":"https:\/\/rodal.provesonlinevalles.com\/politica-de-privacidad\/","url":"https:\/\/rodal.provesonlinevalles.com\/politica-de-privacidad\/","name":"Pol\u00edtica de privacitat - Rodal Arquitectes","isPartOf":{"@id":"https:\/\/rodal.provesonlinevalles.com\/#website"},"datePublished":"2024-11-06T15:43:20+00:00","dateModified":"2026-02-26T12:27:47+00:00","breadcrumb":{"@id":"https:\/\/rodal.provesonlinevalles.com\/politica-de-privacidad\/#breadcrumb"},"inLanguage":"en-GB","potentialAction":[{"@type":"ReadAction","target":["https:\/\/rodal.provesonlinevalles.com\/politica-de-privacidad\/"]}]},{"@type":"BreadcrumbList","@id":"https:\/\/rodal.provesonlinevalles.com\/politica-de-privacidad\/#breadcrumb","itemListElement":[{"@type":"ListItem","position":1,"name":"Portada","item":"https:\/\/rodal.provesonlinevalles.com\/"},{"@type":"ListItem","position":2,"name":"Pol\u00edtica de privacitat"}]},{"@type":"WebSite","@id":"https:\/\/rodal.provesonlinevalles.com\/#website","url":"https:\/\/rodal.provesonlinevalles.com\/","name":"Rodal Arquitectes","description":"Constru\u00efm una arquitectura sensible i rigorosa","publisher":{"@id":"https:\/\/rodal.provesonlinevalles.com\/#organization"},"potentialAction":[{"@type":"SearchAction","target":{"@type":"EntryPoint","urlTemplate":"https:\/\/rodal.provesonlinevalles.com\/?s={search_term_string}"},"query-input":{"@type":"PropertyValueSpecification","valueRequired":true,"valueName":"search_term_string"}}],"inLanguage":"en-GB"},{"@type":"Organization","@id":"https:\/\/rodal.provesonlinevalles.com\/#organization","name":"Rodal Arquitectes","url":"https:\/\/rodal.provesonlinevalles.com\/","logo":{"@type":"ImageObject","inLanguage":"en-GB","@id":"https:\/\/rodal.provesonlinevalles.com\/#\/schema\/logo\/image\/","url":"https:\/\/rodal.provesonlinevalles.com\/wp-content\/uploads\/2026\/05\/logo-rodal-negre.png","contentUrl":"https:\/\/rodal.provesonlinevalles.com\/wp-content\/uploads\/2026\/05\/logo-rodal-negre.png","width":800,"height":103,"caption":"Rodal Arquitectes"},"image":{"@id":"https:\/\/rodal.provesonlinevalles.com\/#\/schema\/logo\/image\/"}}]}},"_links":{"self":[{"href":"https:\/\/rodal.provesonlinevalles.com\/en\/wp-json\/wp\/v2\/pages\/36","targetHints":{"allow":["GET"]}}],"collection":[{"href":"https:\/\/rodal.provesonlinevalles.com\/en\/wp-json\/wp\/v2\/pages"}],"about":[{"href":"https:\/\/rodal.provesonlinevalles.com\/en\/wp-json\/wp\/v2\/types\/page"}],"author":[{"embeddable":true,"href":"https:\/\/rodal.provesonlinevalles.com\/en\/wp-json\/wp\/v2\/users\/2"}],"replies":[{"embeddable":true,"href":"https:\/\/rodal.provesonlinevalles.com\/en\/wp-json\/wp\/v2\/comments?post=36"}],"version-history":[{"count":9,"href":"https:\/\/rodal.provesonlinevalles.com\/en\/wp-json\/wp\/v2\/pages\/36\/revisions"}],"predecessor-version":[{"id":3282,"href":"https:\/\/rodal.provesonlinevalles.com\/en\/wp-json\/wp\/v2\/pages\/36\/revisions\/3282"}],"wp:attachment":[{"href":"https:\/\/rodal.provesonlinevalles.com\/en\/wp-json\/wp\/v2\/media?parent=36"}],"curies":[{"name":"wp","href":"https:\/\/api.w.org\/{rel}","templated":true}]}}