{"id":3557,"date":"2026-05-11T09:49:05","date_gmt":"2026-05-11T07:49:05","guid":{"rendered":"https:\/\/rodal.provesonlinevalles.com\/?page_id=3557"},"modified":"2026-05-11T13:12:31","modified_gmt":"2026-05-11T11:12:31","slug":"projectes-dobra-nova","status":"publish","type":"page","link":"https:\/\/rodal.provesonlinevalles.com\/en\/projectes-dobra-nova\/","title":{"rendered":"Projectes d\u2019obra nova"},"content":{"rendered":"<div data-elementor-type=\"wp-page\" data-elementor-id=\"3557\" class=\"elementor elementor-3557\" data-elementor-post-type=\"page\">\n\t\t\t\t<div class=\"elementor-element elementor-element-f8e25a3 e-flex e-con-boxed e-con e-parent\" data-id=\"f8e25a3\" data-element_type=\"container\" data-e-type=\"container\" data-settings=\"{&quot;background_background&quot;:&quot;classic&quot;}\">\n\t\t\t\t\t<div class=\"e-con-inner\">\n\t\t<div class=\"elementor-element elementor-element-5a2f62e e-con-full e-grid e-con e-child\" data-id=\"5a2f62e\" data-element_type=\"container\" data-e-type=\"container\">\n\t\t<div class=\"elementor-element elementor-element-278c488 e-con-full e-flex e-con e-child\" data-id=\"278c488\" data-element_type=\"container\" data-e-type=\"container\">\n\t\t\t\t<div class=\"elementor-element elementor-element-f6f5fc8 elementor-widget elementor-widget-heading\" data-id=\"f6f5fc8\" data-element_type=\"widget\" data-e-type=\"widget\" data-widget_type=\"heading.default\">\n\t\t\t\t\t<h1 class=\"elementor-heading-title elementor-size-default\">Projectes d\u2019obra nova\u200b<\/h1>\t\t\t\t<\/div>\n\t\t\t\t<div class=\"elementor-element elementor-element-206b018 elementor-widget elementor-widget-heading\" data-id=\"206b018\" data-element_type=\"widget\" data-e-type=\"widget\" data-widget_type=\"heading.default\">\n\t\t\t\t\t<h2 class=\"elementor-heading-title elementor-size-default\">Oportunitat creativa de construir una pe\u00e7a \u00fanica\n<\/h2>\t\t\t\t<\/div>\n\t\t\t\t<div class=\"elementor-element elementor-element-c662a24 elementor-widget elementor-widget-text-editor\" data-id=\"c662a24\" data-element_type=\"widget\" data-e-type=\"widget\" data-widget_type=\"text-editor.default\">\n\t\t\t\t\t\t\t\t\t<p>Cada nou projecte d\u2019habitatge \u00e9s l\u2019oportunitat creativa de construir una pe\u00e7a \u00fanica, que relacioni les necessitats dels seus nous inquilins amb una integraci\u00f3 harm\u00f2nica amb el medi natural i l\u2019entorn constru\u00eft.<\/p>\t\t\t\t\t\t\t\t<\/div>\n\t\t\t\t<\/div>\n\t\t<div class=\"elementor-element elementor-element-1cd3691 overflow-x-h e-con-full e-flex e-con e-child\" data-id=\"1cd3691\" data-element_type=\"container\" data-e-type=\"container\">\n\t\t\t\t<\/div>\n\t\t\t\t<\/div>\n\t\t<div class=\"elementor-element elementor-element-2891d7a overflow-x-h e-con-full e-flex e-con e-child\" data-id=\"2891d7a\" data-element_type=\"container\" data-e-type=\"container\">\n\t\t\t\t<\/div>\n\t\t\t\t\t<\/div>\n\t\t\t\t<\/div>\n\t\t\t\t<\/div>","protected":false},"excerpt":{"rendered":"<p>Projectes d\u2019obra nova\u200b Oportunitat creativa de construir una pe\u00e7a \u00fanica Cada nou projecte d\u2019habitatge \u00e9s l\u2019oportunitat creativa de construir una pe\u00e7a \u00fanica, que relacioni les necessitats dels seus nous inquilins amb una integraci\u00f3 harm\u00f2nica amb el medi natural i l\u2019entorn constru\u00eft.<\/p>","protected":false},"author":2,"featured_media":0,"parent":0,"menu_order":0,"comment_status":"closed","ping_status":"closed","template":"elementor_header_footer","meta":{"_acf_changed":false,"footnotes":""},"class_list":["post-3557","page","type-page","status-publish","hentry"],"acf":[],"yoast_head":"<!-- This site is optimized with the Yoast SEO plugin v27.5 - https:\/\/yoast.com\/product\/yoast-seo-wordpress\/ -->\n<title>Projectes d\u2019obra nova - Rodal Arquitectes<\/title>\n<meta name=\"robots\" content=\"noindex, follow, max-snippet:-1, max-image-preview:large, max-video-preview:-1\" \/>\n<meta property=\"og:locale\" content=\"en_GB\" \/>\n<meta property=\"og:type\" content=\"article\" \/>\n<meta property=\"og:title\" content=\"Projectes d\u2019obra nova - Rodal Arquitectes\" \/>\n<meta property=\"og:description\" content=\"Projectes d\u2019obra nova\u200b Oportunitat creativa de construir una pe\u00e7a \u00fanica Cada nou projecte d\u2019habitatge \u00e9s l\u2019oportunitat creativa de construir una pe\u00e7a \u00fanica, que relacioni les necessitats dels seus nous inquilins amb una integraci\u00f3 harm\u00f2nica amb el medi natural i l\u2019entorn constru\u00eft.\" \/>\n<meta property=\"og:url\" content=\"https:\/\/rodal.provesonlinevalles.com\/en\/projectes-dobra-nova\/\" \/>\n<meta property=\"og:site_name\" content=\"Rodal Arquitectes\" \/>\n<meta property=\"article:modified_time\" content=\"2026-05-11T11:12:31+00:00\" \/>\n<meta name=\"twitter:card\" content=\"summary_large_image\" \/>\n<meta name=\"twitter:label1\" content=\"Estimated reading time\" \/>\n\t<meta name=\"twitter:data1\" content=\"1 minute\" \/>\n<script type=\"application\/ld+json\" class=\"yoast-schema-graph\">{\"@context\":\"https:\\\/\\\/schema.org\",\"@graph\":[{\"@type\":\"WebPage\",\"@id\":\"https:\\\/\\\/rodal.provesonlinevalles.com\\\/projectes-dobra-nova\\\/\",\"url\":\"https:\\\/\\\/rodal.provesonlinevalles.com\\\/projectes-dobra-nova\\\/\",\"name\":\"Projectes d\u2019obra nova - Rodal Arquitectes\",\"isPartOf\":{\"@id\":\"https:\\\/\\\/rodal.provesonlinevalles.com\\\/#website\"},\"datePublished\":\"2026-05-11T07:49:05+00:00\",\"dateModified\":\"2026-05-11T11:12:31+00:00\",\"breadcrumb\":{\"@id\":\"https:\\\/\\\/rodal.provesonlinevalles.com\\\/projectes-dobra-nova\\\/#breadcrumb\"},\"inLanguage\":\"en-GB\",\"potentialAction\":[{\"@type\":\"ReadAction\",\"target\":[\"https:\\\/\\\/rodal.provesonlinevalles.com\\\/projectes-dobra-nova\\\/\"]}]},{\"@type\":\"BreadcrumbList\",\"@id\":\"https:\\\/\\\/rodal.provesonlinevalles.com\\\/projectes-dobra-nova\\\/#breadcrumb\",\"itemListElement\":[{\"@type\":\"ListItem\",\"position\":1,\"name\":\"Portada\",\"item\":\"https:\\\/\\\/rodal.provesonlinevalles.com\\\/\"},{\"@type\":\"ListItem\",\"position\":2,\"name\":\"Projectes d\u2019obra nova\"}]},{\"@type\":\"WebSite\",\"@id\":\"https:\\\/\\\/rodal.provesonlinevalles.com\\\/#website\",\"url\":\"https:\\\/\\\/rodal.provesonlinevalles.com\\\/\",\"name\":\"Rodal Arquitectes\",\"description\":\"Constru\u00efm una arquitectura sensible i rigorosa\",\"publisher\":{\"@id\":\"https:\\\/\\\/rodal.provesonlinevalles.com\\\/#organization\"},\"potentialAction\":[{\"@type\":\"SearchAction\",\"target\":{\"@type\":\"EntryPoint\",\"urlTemplate\":\"https:\\\/\\\/rodal.provesonlinevalles.com\\\/?s={search_term_string}\"},\"query-input\":{\"@type\":\"PropertyValueSpecification\",\"valueRequired\":true,\"valueName\":\"search_term_string\"}}],\"inLanguage\":\"en-GB\"},{\"@type\":\"Organization\",\"@id\":\"https:\\\/\\\/rodal.provesonlinevalles.com\\\/#organization\",\"name\":\"Rodal Arquitectes\",\"url\":\"https:\\\/\\\/rodal.provesonlinevalles.com\\\/\",\"logo\":{\"@type\":\"ImageObject\",\"inLanguage\":\"en-GB\",\"@id\":\"https:\\\/\\\/rodal.provesonlinevalles.com\\\/#\\\/schema\\\/logo\\\/image\\\/\",\"url\":\"https:\\\/\\\/rodal.provesonlinevalles.com\\\/wp-content\\\/uploads\\\/2026\\\/05\\\/logo-rodal-negre.png\",\"contentUrl\":\"https:\\\/\\\/rodal.provesonlinevalles.com\\\/wp-content\\\/uploads\\\/2026\\\/05\\\/logo-rodal-negre.png\",\"width\":800,\"height\":103,\"caption\":\"Rodal Arquitectes\"},\"image\":{\"@id\":\"https:\\\/\\\/rodal.provesonlinevalles.com\\\/#\\\/schema\\\/logo\\\/image\\\/\"}}]}<\/script>\n<!-- \/ Yoast SEO plugin. -->","yoast_head_json":{"title":"Projectes d\u2019obra nova - Rodal Arquitectes","robots":{"index":"noindex","follow":"follow","max-snippet":"max-snippet:-1","max-image-preview":"max-image-preview:large","max-video-preview":"max-video-preview:-1"},"og_locale":"en_GB","og_type":"article","og_title":"Projectes d\u2019obra nova - Rodal Arquitectes","og_description":"Projectes d\u2019obra nova\u200b Oportunitat creativa de construir una pe\u00e7a \u00fanica Cada nou projecte d\u2019habitatge \u00e9s l\u2019oportunitat creativa de construir una pe\u00e7a \u00fanica, que relacioni les necessitats dels seus nous inquilins amb una integraci\u00f3 harm\u00f2nica amb el medi natural i l\u2019entorn constru\u00eft.","og_url":"https:\/\/rodal.provesonlinevalles.com\/en\/projectes-dobra-nova\/","og_site_name":"Rodal Arquitectes","article_modified_time":"2026-05-11T11:12:31+00:00","twitter_card":"summary_large_image","twitter_misc":{"Estimated reading time":"1 minute"},"schema":{"@context":"https:\/\/schema.org","@graph":[{"@type":"WebPage","@id":"https:\/\/rodal.provesonlinevalles.com\/projectes-dobra-nova\/","url":"https:\/\/rodal.provesonlinevalles.com\/projectes-dobra-nova\/","name":"Projectes d\u2019obra nova - Rodal Arquitectes","isPartOf":{"@id":"https:\/\/rodal.provesonlinevalles.com\/#website"},"datePublished":"2026-05-11T07:49:05+00:00","dateModified":"2026-05-11T11:12:31+00:00","breadcrumb":{"@id":"https:\/\/rodal.provesonlinevalles.com\/projectes-dobra-nova\/#breadcrumb"},"inLanguage":"en-GB","potentialAction":[{"@type":"ReadAction","target":["https:\/\/rodal.provesonlinevalles.com\/projectes-dobra-nova\/"]}]},{"@type":"BreadcrumbList","@id":"https:\/\/rodal.provesonlinevalles.com\/projectes-dobra-nova\/#breadcrumb","itemListElement":[{"@type":"ListItem","position":1,"name":"Portada","item":"https:\/\/rodal.provesonlinevalles.com\/"},{"@type":"ListItem","position":2,"name":"Projectes d\u2019obra nova"}]},{"@type":"WebSite","@id":"https:\/\/rodal.provesonlinevalles.com\/#website","url":"https:\/\/rodal.provesonlinevalles.com\/","name":"Rodal Arquitectes","description":"Constru\u00efm una arquitectura sensible i rigorosa","publisher":{"@id":"https:\/\/rodal.provesonlinevalles.com\/#organization"},"potentialAction":[{"@type":"SearchAction","target":{"@type":"EntryPoint","urlTemplate":"https:\/\/rodal.provesonlinevalles.com\/?s={search_term_string}"},"query-input":{"@type":"PropertyValueSpecification","valueRequired":true,"valueName":"search_term_string"}}],"inLanguage":"en-GB"},{"@type":"Organization","@id":"https:\/\/rodal.provesonlinevalles.com\/#organization","name":"Rodal Arquitectes","url":"https:\/\/rodal.provesonlinevalles.com\/","logo":{"@type":"ImageObject","inLanguage":"en-GB","@id":"https:\/\/rodal.provesonlinevalles.com\/#\/schema\/logo\/image\/","url":"https:\/\/rodal.provesonlinevalles.com\/wp-content\/uploads\/2026\/05\/logo-rodal-negre.png","contentUrl":"https:\/\/rodal.provesonlinevalles.com\/wp-content\/uploads\/2026\/05\/logo-rodal-negre.png","width":800,"height":103,"caption":"Rodal Arquitectes"},"image":{"@id":"https:\/\/rodal.provesonlinevalles.com\/#\/schema\/logo\/image\/"}}]}},"_links":{"self":[{"href":"https:\/\/rodal.provesonlinevalles.com\/en\/wp-json\/wp\/v2\/pages\/3557","targetHints":{"allow":["GET"]}}],"collection":[{"href":"https:\/\/rodal.provesonlinevalles.com\/en\/wp-json\/wp\/v2\/pages"}],"about":[{"href":"https:\/\/rodal.provesonlinevalles.com\/en\/wp-json\/wp\/v2\/types\/page"}],"author":[{"embeddable":true,"href":"https:\/\/rodal.provesonlinevalles.com\/en\/wp-json\/wp\/v2\/users\/2"}],"replies":[{"embeddable":true,"href":"https:\/\/rodal.provesonlinevalles.com\/en\/wp-json\/wp\/v2\/comments?post=3557"}],"version-history":[{"count":7,"href":"https:\/\/rodal.provesonlinevalles.com\/en\/wp-json\/wp\/v2\/pages\/3557\/revisions"}],"predecessor-version":[{"id":3746,"href":"https:\/\/rodal.provesonlinevalles.com\/en\/wp-json\/wp\/v2\/pages\/3557\/revisions\/3746"}],"wp:attachment":[{"href":"https:\/\/rodal.provesonlinevalles.com\/en\/wp-json\/wp\/v2\/media?parent=3557"}],"curies":[{"name":"wp","href":"https:\/\/api.w.org\/{rel}","templated":true}]}}