{"id":3551,"date":"2026-05-11T09:47:35","date_gmt":"2026-05-11T07:47:35","guid":{"rendered":"https:\/\/rodal.provesonlinevalles.com\/?page_id=3551"},"modified":"2026-05-11T13:12:39","modified_gmt":"2026-05-11T11:12:39","slug":"serveis","status":"publish","type":"page","link":"https:\/\/rodal.provesonlinevalles.com\/en\/serveis\/","title":{"rendered":"Serveis"},"content":{"rendered":"<div data-elementor-type=\"wp-page\" data-elementor-id=\"3551\" class=\"elementor elementor-3551\" data-elementor-post-type=\"page\">\n\t\t\t\t<div class=\"elementor-element elementor-element-6126dbe e-flex e-con-boxed e-con e-parent\" data-id=\"6126dbe\" data-element_type=\"container\" data-e-type=\"container\" data-settings=\"{&quot;background_background&quot;:&quot;classic&quot;}\">\n\t\t\t\t\t<div class=\"e-con-inner\">\n\t\t<div class=\"elementor-element elementor-element-cee19f1 e-con-full e-grid e-con e-child\" data-id=\"cee19f1\" data-element_type=\"container\" data-e-type=\"container\">\n\t\t<div class=\"elementor-element elementor-element-9b469b5 e-con-full e-flex e-con e-child\" data-id=\"9b469b5\" data-element_type=\"container\" data-e-type=\"container\">\n\t\t\t\t<div class=\"elementor-element elementor-element-4f48766 elementor-widget elementor-widget-heading\" data-id=\"4f48766\" data-element_type=\"widget\" data-e-type=\"widget\" data-widget_type=\"heading.default\">\n\t\t\t\t\t<span class=\"elementor-heading-title elementor-size-default\">Serveis<\/span>\t\t\t\t<\/div>\n\t\t\t\t<div class=\"elementor-element elementor-element-92a8ec6 elementor-widget elementor-widget-heading\" data-id=\"92a8ec6\" data-element_type=\"widget\" data-e-type=\"widget\" data-widget_type=\"heading.default\">\n\t\t\t\t\t<h1 class=\"elementor-heading-title elementor-size-default\">Volem contribuir a crear h\u00e0bitats sostenibles\n<\/h1>\t\t\t\t<\/div>\n\t\t\t\t<div class=\"elementor-element elementor-element-be70c31 elementor-widget elementor-widget-text-editor\" data-id=\"be70c31\" data-element_type=\"widget\" data-e-type=\"widget\" data-widget_type=\"text-editor.default\">\n\t\t\t\t\t\t\t\t\t<p>Oferint serveis de realitzaci\u00f3 i direcci\u00f3 de projectes d\u2019arquitectura eficient i de consultoria de sostenibilitat relacionada amb l\u2019edificaci\u00f3<\/p>\t\t\t\t\t\t\t\t<\/div>\n\t\t\t\t<\/div>\n\t\t<div class=\"elementor-element elementor-element-07f84b3 overflow-x-h e-con-full e-flex e-con e-child\" data-id=\"07f84b3\" data-element_type=\"container\" data-e-type=\"container\">\n\t\t\t\t<\/div>\n\t\t\t\t<\/div>\n\t\t<div class=\"elementor-element elementor-element-2d2c11b overflow-x-h e-con-full e-flex e-con e-child\" data-id=\"2d2c11b\" data-element_type=\"container\" data-e-type=\"container\">\n\t\t\t\t<\/div>\n\t\t\t\t\t<\/div>\n\t\t\t\t<\/div>\n\t\t\t\t<\/div>","protected":false},"excerpt":{"rendered":"<p>Serveis Volem contribuir a crear h\u00e0bitats sostenibles Oferint serveis de realitzaci\u00f3 i direcci\u00f3 de projectes d\u2019arquitectura eficient i de consultoria de sostenibilitat relacionada amb l\u2019edificaci\u00f3<\/p>","protected":false},"author":2,"featured_media":0,"parent":0,"menu_order":0,"comment_status":"closed","ping_status":"closed","template":"elementor_header_footer","meta":{"_acf_changed":false,"footnotes":""},"class_list":["post-3551","page","type-page","status-publish","hentry"],"acf":[],"yoast_head":"<!-- This site is optimized with the Yoast SEO plugin v27.5 - https:\/\/yoast.com\/product\/yoast-seo-wordpress\/ -->\n<title>Serveis - Rodal Arquitectes<\/title>\n<meta name=\"robots\" content=\"noindex, follow, max-snippet:-1, max-image-preview:large, max-video-preview:-1\" \/>\n<meta property=\"og:locale\" content=\"en_GB\" \/>\n<meta property=\"og:type\" content=\"article\" \/>\n<meta property=\"og:title\" content=\"Serveis - Rodal Arquitectes\" \/>\n<meta property=\"og:description\" content=\"Serveis Volem contribuir a crear h\u00e0bitats sostenibles Oferint serveis de realitzaci\u00f3 i direcci\u00f3 de projectes d\u2019arquitectura eficient i de consultoria de sostenibilitat relacionada amb l\u2019edificaci\u00f3\" \/>\n<meta property=\"og:url\" content=\"https:\/\/rodal.provesonlinevalles.com\/en\/serveis\/\" \/>\n<meta property=\"og:site_name\" content=\"Rodal Arquitectes\" \/>\n<meta property=\"article:modified_time\" content=\"2026-05-11T11:12:39+00:00\" \/>\n<meta name=\"twitter:card\" content=\"summary_large_image\" \/>\n<meta name=\"twitter:label1\" content=\"Estimated reading time\" \/>\n\t<meta name=\"twitter:data1\" content=\"1 minute\" \/>\n<script type=\"application\/ld+json\" class=\"yoast-schema-graph\">{\"@context\":\"https:\\\/\\\/schema.org\",\"@graph\":[{\"@type\":\"WebPage\",\"@id\":\"https:\\\/\\\/rodal.provesonlinevalles.com\\\/serveis\\\/\",\"url\":\"https:\\\/\\\/rodal.provesonlinevalles.com\\\/serveis\\\/\",\"name\":\"Serveis - Rodal Arquitectes\",\"isPartOf\":{\"@id\":\"https:\\\/\\\/rodal.provesonlinevalles.com\\\/#website\"},\"datePublished\":\"2026-05-11T07:47:35+00:00\",\"dateModified\":\"2026-05-11T11:12:39+00:00\",\"breadcrumb\":{\"@id\":\"https:\\\/\\\/rodal.provesonlinevalles.com\\\/serveis\\\/#breadcrumb\"},\"inLanguage\":\"en-GB\",\"potentialAction\":[{\"@type\":\"ReadAction\",\"target\":[\"https:\\\/\\\/rodal.provesonlinevalles.com\\\/serveis\\\/\"]}]},{\"@type\":\"BreadcrumbList\",\"@id\":\"https:\\\/\\\/rodal.provesonlinevalles.com\\\/serveis\\\/#breadcrumb\",\"itemListElement\":[{\"@type\":\"ListItem\",\"position\":1,\"name\":\"Portada\",\"item\":\"https:\\\/\\\/rodal.provesonlinevalles.com\\\/\"},{\"@type\":\"ListItem\",\"position\":2,\"name\":\"Serveis\"}]},{\"@type\":\"WebSite\",\"@id\":\"https:\\\/\\\/rodal.provesonlinevalles.com\\\/#website\",\"url\":\"https:\\\/\\\/rodal.provesonlinevalles.com\\\/\",\"name\":\"Rodal Arquitectes\",\"description\":\"Constru\u00efm una arquitectura sensible i rigorosa\",\"publisher\":{\"@id\":\"https:\\\/\\\/rodal.provesonlinevalles.com\\\/#organization\"},\"potentialAction\":[{\"@type\":\"SearchAction\",\"target\":{\"@type\":\"EntryPoint\",\"urlTemplate\":\"https:\\\/\\\/rodal.provesonlinevalles.com\\\/?s={search_term_string}\"},\"query-input\":{\"@type\":\"PropertyValueSpecification\",\"valueRequired\":true,\"valueName\":\"search_term_string\"}}],\"inLanguage\":\"en-GB\"},{\"@type\":\"Organization\",\"@id\":\"https:\\\/\\\/rodal.provesonlinevalles.com\\\/#organization\",\"name\":\"Rodal Arquitectes\",\"url\":\"https:\\\/\\\/rodal.provesonlinevalles.com\\\/\",\"logo\":{\"@type\":\"ImageObject\",\"inLanguage\":\"en-GB\",\"@id\":\"https:\\\/\\\/rodal.provesonlinevalles.com\\\/#\\\/schema\\\/logo\\\/image\\\/\",\"url\":\"https:\\\/\\\/rodal.provesonlinevalles.com\\\/wp-content\\\/uploads\\\/2026\\\/05\\\/logo-rodal-negre.png\",\"contentUrl\":\"https:\\\/\\\/rodal.provesonlinevalles.com\\\/wp-content\\\/uploads\\\/2026\\\/05\\\/logo-rodal-negre.png\",\"width\":800,\"height\":103,\"caption\":\"Rodal Arquitectes\"},\"image\":{\"@id\":\"https:\\\/\\\/rodal.provesonlinevalles.com\\\/#\\\/schema\\\/logo\\\/image\\\/\"}}]}<\/script>\n<!-- \/ Yoast SEO plugin. -->","yoast_head_json":{"title":"Serveis - Rodal Arquitectes","robots":{"index":"noindex","follow":"follow","max-snippet":"max-snippet:-1","max-image-preview":"max-image-preview:large","max-video-preview":"max-video-preview:-1"},"og_locale":"en_GB","og_type":"article","og_title":"Serveis - Rodal Arquitectes","og_description":"Serveis Volem contribuir a crear h\u00e0bitats sostenibles Oferint serveis de realitzaci\u00f3 i direcci\u00f3 de projectes d\u2019arquitectura eficient i de consultoria de sostenibilitat relacionada amb l\u2019edificaci\u00f3","og_url":"https:\/\/rodal.provesonlinevalles.com\/en\/serveis\/","og_site_name":"Rodal Arquitectes","article_modified_time":"2026-05-11T11:12:39+00:00","twitter_card":"summary_large_image","twitter_misc":{"Estimated reading time":"1 minute"},"schema":{"@context":"https:\/\/schema.org","@graph":[{"@type":"WebPage","@id":"https:\/\/rodal.provesonlinevalles.com\/serveis\/","url":"https:\/\/rodal.provesonlinevalles.com\/serveis\/","name":"Serveis - Rodal Arquitectes","isPartOf":{"@id":"https:\/\/rodal.provesonlinevalles.com\/#website"},"datePublished":"2026-05-11T07:47:35+00:00","dateModified":"2026-05-11T11:12:39+00:00","breadcrumb":{"@id":"https:\/\/rodal.provesonlinevalles.com\/serveis\/#breadcrumb"},"inLanguage":"en-GB","potentialAction":[{"@type":"ReadAction","target":["https:\/\/rodal.provesonlinevalles.com\/serveis\/"]}]},{"@type":"BreadcrumbList","@id":"https:\/\/rodal.provesonlinevalles.com\/serveis\/#breadcrumb","itemListElement":[{"@type":"ListItem","position":1,"name":"Portada","item":"https:\/\/rodal.provesonlinevalles.com\/"},{"@type":"ListItem","position":2,"name":"Serveis"}]},{"@type":"WebSite","@id":"https:\/\/rodal.provesonlinevalles.com\/#website","url":"https:\/\/rodal.provesonlinevalles.com\/","name":"Rodal Arquitectes","description":"Constru\u00efm una arquitectura sensible i rigorosa","publisher":{"@id":"https:\/\/rodal.provesonlinevalles.com\/#organization"},"potentialAction":[{"@type":"SearchAction","target":{"@type":"EntryPoint","urlTemplate":"https:\/\/rodal.provesonlinevalles.com\/?s={search_term_string}"},"query-input":{"@type":"PropertyValueSpecification","valueRequired":true,"valueName":"search_term_string"}}],"inLanguage":"en-GB"},{"@type":"Organization","@id":"https:\/\/rodal.provesonlinevalles.com\/#organization","name":"Rodal Arquitectes","url":"https:\/\/rodal.provesonlinevalles.com\/","logo":{"@type":"ImageObject","inLanguage":"en-GB","@id":"https:\/\/rodal.provesonlinevalles.com\/#\/schema\/logo\/image\/","url":"https:\/\/rodal.provesonlinevalles.com\/wp-content\/uploads\/2026\/05\/logo-rodal-negre.png","contentUrl":"https:\/\/rodal.provesonlinevalles.com\/wp-content\/uploads\/2026\/05\/logo-rodal-negre.png","width":800,"height":103,"caption":"Rodal Arquitectes"},"image":{"@id":"https:\/\/rodal.provesonlinevalles.com\/#\/schema\/logo\/image\/"}}]}},"_links":{"self":[{"href":"https:\/\/rodal.provesonlinevalles.com\/en\/wp-json\/wp\/v2\/pages\/3551","targetHints":{"allow":["GET"]}}],"collection":[{"href":"https:\/\/rodal.provesonlinevalles.com\/en\/wp-json\/wp\/v2\/pages"}],"about":[{"href":"https:\/\/rodal.provesonlinevalles.com\/en\/wp-json\/wp\/v2\/types\/page"}],"author":[{"embeddable":true,"href":"https:\/\/rodal.provesonlinevalles.com\/en\/wp-json\/wp\/v2\/users\/2"}],"replies":[{"embeddable":true,"href":"https:\/\/rodal.provesonlinevalles.com\/en\/wp-json\/wp\/v2\/comments?post=3551"}],"version-history":[{"count":7,"href":"https:\/\/rodal.provesonlinevalles.com\/en\/wp-json\/wp\/v2\/pages\/3551\/revisions"}],"predecessor-version":[{"id":3749,"href":"https:\/\/rodal.provesonlinevalles.com\/en\/wp-json\/wp\/v2\/pages\/3551\/revisions\/3749"}],"wp:attachment":[{"href":"https:\/\/rodal.provesonlinevalles.com\/en\/wp-json\/wp\/v2\/media?parent=3551"}],"curies":[{"name":"wp","href":"https:\/\/api.w.org\/{rel}","templated":true}]}}