{"id":3549,"date":"2026-05-11T09:47:09","date_gmt":"2026-05-11T07:47:09","guid":{"rendered":"https:\/\/rodal.provesonlinevalles.com\/?page_id=3549"},"modified":"2026-05-11T13:00:00","modified_gmt":"2026-05-11T11:00:00","slug":"projectes","status":"publish","type":"page","link":"https:\/\/rodal.provesonlinevalles.com\/en\/projectes\/","title":{"rendered":"Projectes"},"content":{"rendered":"\t\t<div data-elementor-type=\"wp-page\" data-elementor-id=\"3549\" class=\"elementor elementor-3549\" data-elementor-post-type=\"page\">\n\t\t\t\t<div class=\"elementor-element elementor-element-1d27816 e-flex e-con-boxed e-con e-parent\" data-id=\"1d27816\" data-element_type=\"container\" data-e-type=\"container\" data-settings=\"{&quot;background_background&quot;:&quot;classic&quot;}\">\n\t\t\t\t\t<div class=\"e-con-inner\">\n\t\t<div class=\"elementor-element elementor-element-c4f3531 e-con-full e-grid e-con e-child\" data-id=\"c4f3531\" data-element_type=\"container\" data-e-type=\"container\">\n\t\t<div class=\"elementor-element elementor-element-18be430 e-con-full e-flex e-con e-child\" data-id=\"18be430\" data-element_type=\"container\" data-e-type=\"container\">\n\t\t\t\t<div class=\"elementor-element elementor-element-c08ff8c elementor-widget elementor-widget-heading\" data-id=\"c08ff8c\" data-element_type=\"widget\" data-e-type=\"widget\" data-widget_type=\"heading.default\">\n\t\t\t\t\t<span class=\"elementor-heading-title elementor-size-default\">Projectes<\/span>\t\t\t\t<\/div>\n\t\t\t\t<div class=\"elementor-element elementor-element-0b85033 elementor-widget elementor-widget-heading\" data-id=\"0b85033\" data-element_type=\"widget\" data-e-type=\"widget\" data-widget_type=\"heading.default\">\n\t\t\t\t\t<h2 class=\"elementor-heading-title elementor-size-default\">La nostra manera d\u2019entendre l\u2019arquitectura\n<\/h2>\t\t\t\t<\/div>\n\t\t\t\t<div class=\"elementor-element elementor-element-8434818 elementor-widget elementor-widget-text-editor\" data-id=\"8434818\" data-element_type=\"widget\" data-e-type=\"widget\" data-widget_type=\"text-editor.default\">\n\t\t\t\t\t\t\t\t\t<p>Exercim el nostre ofici amb la voluntat de produ\u00efr h\u00e0bitats que responguin a les necessitats de les persones amb el m\u00ednim impacte ecol\u00f2gic.<\/p>\t\t\t\t\t\t\t\t<\/div>\n\t\t\t\t<\/div>\n\t\t<div class=\"elementor-element elementor-element-bb8e237 overflow-x-h e-con-full e-flex e-con e-child\" data-id=\"bb8e237\" data-element_type=\"container\" data-e-type=\"container\">\n\t\t\t\t<\/div>\n\t\t\t\t<\/div>\n\t\t<div class=\"elementor-element elementor-element-9d75112 overflow-x-h e-con-full e-flex e-con e-child\" data-id=\"9d75112\" data-element_type=\"container\" data-e-type=\"container\">\n\t\t\t\t<div class=\"elementor-element elementor-element-245d28e elementor-grid-2 elementor-grid-tablet-2 elementor-grid-mobile-1 elementor-widget elementor-widget-loop-grid\" data-id=\"245d28e\" data-element_type=\"widget\" data-e-type=\"widget\" data-settings=\"{&quot;template_id&quot;:&quot;3682&quot;,&quot;columns&quot;:2,&quot;pagination_type&quot;:&quot;numbers&quot;,&quot;row_gap&quot;:{&quot;unit&quot;:&quot;px&quot;,&quot;size&quot;:40,&quot;sizes&quot;:[]},&quot;_skin&quot;:&quot;post&quot;,&quot;columns_tablet&quot;:&quot;2&quot;,&quot;columns_mobile&quot;:&quot;1&quot;,&quot;edit_handle_selector&quot;:&quot;[data-elementor-type=\\&quot;loop-item\\&quot;]&quot;,&quot;pagination_load_type&quot;:&quot;page_reload&quot;,&quot;row_gap_tablet&quot;:{&quot;unit&quot;:&quot;px&quot;,&quot;size&quot;:&quot;&quot;,&quot;sizes&quot;:[]},&quot;row_gap_mobile&quot;:{&quot;unit&quot;:&quot;px&quot;,&quot;size&quot;:&quot;&quot;,&quot;sizes&quot;:[]}}\" data-widget_type=\"loop-grid.post\">\n\t\t\t\t<div class=\"elementor-widget-container\">\n\t\t\t\t\t\t\t<div class=\"elementor-loop-container elementor-grid\" role=\"list\">\n\t\t<style id=\"loop-3682\">.elementor-3682 .elementor-element.elementor-element-6c4a8ad{--display:flex;--flex-direction:column;--container-widget-width:100%;--container-widget-height:initial;--container-widget-flex-grow:0;--container-widget-align-self:initial;--flex-wrap-mobile:wrap;--padding-top:0px;--padding-bottom:0px;--padding-left:0px;--padding-right:0px;}.elementor-widget-theme-post-featured-image .widget-image-caption{font-size:var( --e-global-typography-text-font-size );font-weight:var( --e-global-typography-text-font-weight );}.elementor-widget-heading .elementor-heading-title{font-size:var( --e-global-typography-primary-font-size );font-weight:var( --e-global-typography-primary-font-weight );}.elementor-3682 .elementor-element.elementor-element-f244de7 .elementor-heading-title{font-family:var( --e-global-typography-5ee8ece-font-family ), Sans-serif;font-size:var( --e-global-typography-5ee8ece-font-size );font-weight:var( --e-global-typography-5ee8ece-font-weight );line-height:var( --e-global-typography-5ee8ece-line-height );letter-spacing:var( --e-global-typography-5ee8ece-letter-spacing );word-spacing:var( --e-global-typography-5ee8ece-word-spacing );color:var( --e-global-color-primary );}@media(max-width:1024px){.elementor-widget-theme-post-featured-image .widget-image-caption{font-size:var( --e-global-typography-text-font-size );}.elementor-widget-heading .elementor-heading-title{font-size:var( --e-global-typography-primary-font-size );}.elementor-3682 .elementor-element.elementor-element-f244de7 .elementor-heading-title{font-size:var( --e-global-typography-5ee8ece-font-size );line-height:var( --e-global-typography-5ee8ece-line-height );letter-spacing:var( --e-global-typography-5ee8ece-letter-spacing );word-spacing:var( --e-global-typography-5ee8ece-word-spacing );}}@media(max-width:767px){.elementor-widget-theme-post-featured-image .widget-image-caption{font-size:var( --e-global-typography-text-font-size );}.elementor-widget-heading .elementor-heading-title{font-size:var( --e-global-typography-primary-font-size );}.elementor-3682 .elementor-element.elementor-element-f244de7 .elementor-heading-title{font-size:var( --e-global-typography-5ee8ece-font-size );line-height:var( --e-global-typography-5ee8ece-line-height );letter-spacing:var( --e-global-typography-5ee8ece-letter-spacing );word-spacing:var( --e-global-typography-5ee8ece-word-spacing );}}<\/style>\t\t<div data-elementor-type=\"loop-item\" data-elementor-id=\"3682\" class=\"elementor elementor-3682 e-loop-item e-loop-item-3671 post-3671 projecte type-projecte status-publish has-post-thumbnail hentry\" data-elementor-post-type=\"elementor_library\" data-custom-edit-handle=\"1\">\n\t\t\t<a class=\"elementor-element elementor-element-6c4a8ad e-flex e-con-boxed e-con e-parent\" data-id=\"6c4a8ad\" data-element_type=\"container\" data-e-type=\"container\" href=\"https:\/\/rodal.provesonlinevalles.com\/en\/projecte\/casa-jm24\/\">\n\t\t\t\t\t<div class=\"e-con-inner\">\n\t\t\t\t<div class=\"elementor-element elementor-element-e17fc69 imagen-avanzada  square elementor-widget elementor-widget-theme-post-featured-image elementor-widget-image\" data-id=\"e17fc69\" data-element_type=\"widget\" data-e-type=\"widget\" data-widget_type=\"theme-post-featured-image.default\">\n\t\t\t\t\t\t\t\t\t\t\t\t\t\t\t<img fetchpriority=\"high\" decoding=\"async\" width=\"800\" height=\"534\" src=\"https:\/\/rodal.provesonlinevalles.com\/wp-content\/uploads\/2026\/05\/proj3-1024x683.jpg\" class=\"attachment-large size-large wp-image-3676\" alt=\"Casa JM24\" srcset=\"https:\/\/rodal.provesonlinevalles.com\/wp-content\/uploads\/2026\/05\/proj3-1024x683.jpg 1024w, https:\/\/rodal.provesonlinevalles.com\/wp-content\/uploads\/2026\/05\/proj3-768x512.jpg 768w, https:\/\/rodal.provesonlinevalles.com\/wp-content\/uploads\/2026\/05\/proj3-18x12.jpg 18w, https:\/\/rodal.provesonlinevalles.com\/wp-content\/uploads\/2026\/05\/proj3.jpg 1200w\" sizes=\"(max-width: 800px) 100vw, 800px\" \/>\t\t\t\t\t\t\t\t\t\t\t\t\t\t\t<\/div>\n\t\t\t\t<div class=\"elementor-element elementor-element-f244de7 elementor-widget elementor-widget-heading\" data-id=\"f244de7\" data-element_type=\"widget\" data-e-type=\"widget\" data-widget_type=\"heading.default\">\n\t\t\t\t\t<h3 class=\"elementor-heading-title elementor-size-default\">Casa JM24<\/h3>\t\t\t\t<\/div>\n\t\t\t\t\t<\/div>\n\t\t\t\t<\/a>\n\t\t\t\t<\/div>\n\t\t\t\t<div data-elementor-type=\"loop-item\" data-elementor-id=\"3682\" class=\"elementor elementor-3682 e-loop-item e-loop-item-3670 post-3670 projecte type-projecte status-publish has-post-thumbnail hentry\" data-elementor-post-type=\"elementor_library\" data-custom-edit-handle=\"1\">\n\t\t\t<a class=\"elementor-element elementor-element-6c4a8ad e-flex e-con-boxed e-con e-parent\" data-id=\"6c4a8ad\" data-element_type=\"container\" data-e-type=\"container\" href=\"https:\/\/rodal.provesonlinevalles.com\/en\/projecte\/escola-de-boxa-la-cubierta\/\">\n\t\t\t\t\t<div class=\"e-con-inner\">\n\t\t\t\t<div class=\"elementor-element elementor-element-e17fc69 imagen-avanzada  square elementor-widget elementor-widget-theme-post-featured-image elementor-widget-image\" data-id=\"e17fc69\" data-element_type=\"widget\" data-e-type=\"widget\" data-widget_type=\"theme-post-featured-image.default\">\n\t\t\t\t\t\t\t\t\t\t\t\t\t\t\t<img decoding=\"async\" width=\"800\" height=\"576\" src=\"https:\/\/rodal.provesonlinevalles.com\/wp-content\/uploads\/2026\/05\/La-cubierta-1.jpg\" class=\"attachment-large size-large wp-image-3675\" alt=\"Escola de boxa &quot;La Cubierta&quot;\" srcset=\"https:\/\/rodal.provesonlinevalles.com\/wp-content\/uploads\/2026\/05\/La-cubierta-1.jpg 1000w, https:\/\/rodal.provesonlinevalles.com\/wp-content\/uploads\/2026\/05\/La-cubierta-1-768x553.jpg 768w, https:\/\/rodal.provesonlinevalles.com\/wp-content\/uploads\/2026\/05\/La-cubierta-1-18x12.jpg 18w\" sizes=\"(max-width: 800px) 100vw, 800px\" \/>\t\t\t\t\t\t\t\t\t\t\t\t\t\t\t<\/div>\n\t\t\t\t<div class=\"elementor-element elementor-element-f244de7 elementor-widget elementor-widget-heading\" data-id=\"f244de7\" data-element_type=\"widget\" data-e-type=\"widget\" data-widget_type=\"heading.default\">\n\t\t\t\t\t<h3 class=\"elementor-heading-title elementor-size-default\">Escola de boxa &#8220;La Cubierta&#8221;<\/h3>\t\t\t\t<\/div>\n\t\t\t\t\t<\/div>\n\t\t\t\t<\/a>\n\t\t\t\t<\/div>\n\t\t\t\t<div data-elementor-type=\"loop-item\" data-elementor-id=\"3682\" class=\"elementor elementor-3682 e-loop-item e-loop-item-3669 post-3669 projecte type-projecte status-publish has-post-thumbnail hentry\" data-elementor-post-type=\"elementor_library\" data-custom-edit-handle=\"1\">\n\t\t\t<a class=\"elementor-element elementor-element-6c4a8ad e-flex e-con-boxed e-con e-parent\" data-id=\"6c4a8ad\" data-element_type=\"container\" data-e-type=\"container\" href=\"https:\/\/rodal.provesonlinevalles.com\/en\/projecte\/casa-cg22\/\">\n\t\t\t\t\t<div class=\"e-con-inner\">\n\t\t\t\t<div class=\"elementor-element elementor-element-e17fc69 imagen-avanzada  square elementor-widget elementor-widget-theme-post-featured-image elementor-widget-image\" data-id=\"e17fc69\" data-element_type=\"widget\" data-e-type=\"widget\" data-widget_type=\"theme-post-featured-image.default\">\n\t\t\t\t\t\t\t\t\t\t\t\t\t\t\t<img decoding=\"async\" width=\"800\" height=\"576\" src=\"https:\/\/rodal.provesonlinevalles.com\/wp-content\/uploads\/2026\/05\/Palau-de-cerdanya.jpg\" class=\"attachment-large size-large wp-image-3674\" alt=\"\" srcset=\"https:\/\/rodal.provesonlinevalles.com\/wp-content\/uploads\/2026\/05\/Palau-de-cerdanya.jpg 1000w, https:\/\/rodal.provesonlinevalles.com\/wp-content\/uploads\/2026\/05\/Palau-de-cerdanya-768x553.jpg 768w, https:\/\/rodal.provesonlinevalles.com\/wp-content\/uploads\/2026\/05\/Palau-de-cerdanya-18x12.jpg 18w\" sizes=\"(max-width: 800px) 100vw, 800px\" \/>\t\t\t\t\t\t\t\t\t\t\t\t\t\t\t<\/div>\n\t\t\t\t<div class=\"elementor-element elementor-element-f244de7 elementor-widget elementor-widget-heading\" data-id=\"f244de7\" data-element_type=\"widget\" data-e-type=\"widget\" data-widget_type=\"heading.default\">\n\t\t\t\t\t<h3 class=\"elementor-heading-title elementor-size-default\">Casa CG22<\/h3>\t\t\t\t<\/div>\n\t\t\t\t\t<\/div>\n\t\t\t\t<\/a>\n\t\t\t\t<\/div>\n\t\t\t\t<div data-elementor-type=\"loop-item\" data-elementor-id=\"3682\" class=\"elementor elementor-3682 e-loop-item e-loop-item-3668 post-3668 projecte type-projecte status-publish has-post-thumbnail hentry\" data-elementor-post-type=\"elementor_library\" data-custom-edit-handle=\"1\">\n\t\t\t<a class=\"elementor-element elementor-element-6c4a8ad e-flex e-con-boxed e-con e-parent\" data-id=\"6c4a8ad\" data-element_type=\"container\" data-e-type=\"container\" href=\"https:\/\/rodal.provesonlinevalles.com\/en\/projecte\/reforma-oficina-onlinevalles\/\">\n\t\t\t\t\t<div class=\"e-con-inner\">\n\t\t\t\t<div class=\"elementor-element elementor-element-e17fc69 imagen-avanzada  square elementor-widget elementor-widget-theme-post-featured-image elementor-widget-image\" data-id=\"e17fc69\" data-element_type=\"widget\" data-e-type=\"widget\" data-widget_type=\"theme-post-featured-image.default\">\n\t\t\t\t\t\t\t\t\t\t\t\t\t\t\t<img loading=\"lazy\" decoding=\"async\" width=\"800\" height=\"576\" src=\"https:\/\/rodal.provesonlinevalles.com\/wp-content\/uploads\/2026\/05\/Reforma-oficina-Onlinevalles.jpg\" class=\"attachment-large size-large wp-image-3673\" alt=\"\" srcset=\"https:\/\/rodal.provesonlinevalles.com\/wp-content\/uploads\/2026\/05\/Reforma-oficina-Onlinevalles.jpg 1000w, https:\/\/rodal.provesonlinevalles.com\/wp-content\/uploads\/2026\/05\/Reforma-oficina-Onlinevalles-768x553.jpg 768w, https:\/\/rodal.provesonlinevalles.com\/wp-content\/uploads\/2026\/05\/Reforma-oficina-Onlinevalles-18x12.jpg 18w\" sizes=\"(max-width: 800px) 100vw, 800px\" \/>\t\t\t\t\t\t\t\t\t\t\t\t\t\t\t<\/div>\n\t\t\t\t<div class=\"elementor-element elementor-element-f244de7 elementor-widget elementor-widget-heading\" data-id=\"f244de7\" data-element_type=\"widget\" data-e-type=\"widget\" data-widget_type=\"heading.default\">\n\t\t\t\t\t<h3 class=\"elementor-heading-title elementor-size-default\">Reforma oficina Onlinevalles<\/h3>\t\t\t\t<\/div>\n\t\t\t\t\t<\/div>\n\t\t\t\t<\/a>\n\t\t\t\t<\/div>\n\t\t\t\t<div data-elementor-type=\"loop-item\" data-elementor-id=\"3682\" class=\"elementor elementor-3682 e-loop-item e-loop-item-3667 post-3667 projecte type-projecte status-publish has-post-thumbnail hentry\" data-elementor-post-type=\"elementor_library\" data-custom-edit-handle=\"1\">\n\t\t\t<a class=\"elementor-element elementor-element-6c4a8ad e-flex e-con-boxed e-con e-parent\" data-id=\"6c4a8ad\" data-element_type=\"container\" data-e-type=\"container\" href=\"https:\/\/rodal.provesonlinevalles.com\/en\/projecte\/reforma-torre-doficines\/\">\n\t\t\t\t\t<div class=\"e-con-inner\">\n\t\t\t\t<div class=\"elementor-element elementor-element-e17fc69 imagen-avanzada  square elementor-widget elementor-widget-theme-post-featured-image elementor-widget-image\" data-id=\"e17fc69\" data-element_type=\"widget\" data-e-type=\"widget\" data-widget_type=\"theme-post-featured-image.default\">\n\t\t\t\t\t\t\t\t\t\t\t\t\t\t\t<img loading=\"lazy\" decoding=\"async\" width=\"800\" height=\"576\" src=\"https:\/\/rodal.provesonlinevalles.com\/wp-content\/uploads\/2026\/05\/Torre-doficines-1.jpg\" class=\"attachment-large size-large wp-image-3672\" alt=\"Torre d&#039;oficines 1\" srcset=\"https:\/\/rodal.provesonlinevalles.com\/wp-content\/uploads\/2026\/05\/Torre-doficines-1.jpg 1000w, https:\/\/rodal.provesonlinevalles.com\/wp-content\/uploads\/2026\/05\/Torre-doficines-1-768x553.jpg 768w, https:\/\/rodal.provesonlinevalles.com\/wp-content\/uploads\/2026\/05\/Torre-doficines-1-18x12.jpg 18w\" sizes=\"(max-width: 800px) 100vw, 800px\" \/>\t\t\t\t\t\t\t\t\t\t\t\t\t\t\t<\/div>\n\t\t\t\t<div class=\"elementor-element elementor-element-f244de7 elementor-widget elementor-widget-heading\" data-id=\"f244de7\" data-element_type=\"widget\" data-e-type=\"widget\" data-widget_type=\"heading.default\">\n\t\t\t\t\t<h3 class=\"elementor-heading-title elementor-size-default\">Reforma torre d&#8217;oficines<\/h3>\t\t\t\t<\/div>\n\t\t\t\t\t<\/div>\n\t\t\t\t<\/a>\n\t\t\t\t<\/div>\n\t\t\t\t<div data-elementor-type=\"loop-item\" data-elementor-id=\"3682\" class=\"elementor elementor-3682 e-loop-item e-loop-item-3665 post-3665 projecte type-projecte status-publish has-post-thumbnail hentry\" data-elementor-post-type=\"elementor_library\" data-custom-edit-handle=\"1\">\n\t\t\t<a class=\"elementor-element elementor-element-6c4a8ad e-flex e-con-boxed e-con e-parent\" data-id=\"6c4a8ad\" data-element_type=\"container\" data-e-type=\"container\" href=\"https:\/\/rodal.provesonlinevalles.com\/en\/projecte\/habitatge-plurifamiliar-a-st-marti\/\">\n\t\t\t\t\t<div class=\"e-con-inner\">\n\t\t\t\t<div class=\"elementor-element elementor-element-e17fc69 imagen-avanzada  square elementor-widget elementor-widget-theme-post-featured-image elementor-widget-image\" data-id=\"e17fc69\" data-element_type=\"widget\" data-e-type=\"widget\" data-widget_type=\"theme-post-featured-image.default\">\n\t\t\t\t\t\t\t\t\t\t\t\t\t\t\t<img loading=\"lazy\" decoding=\"async\" width=\"800\" height=\"576\" src=\"https:\/\/rodal.provesonlinevalles.com\/wp-content\/uploads\/2026\/05\/plurifamiliar-a-sant-marti-1.jpg\" class=\"attachment-large size-large wp-image-3666\" alt=\"\" srcset=\"https:\/\/rodal.provesonlinevalles.com\/wp-content\/uploads\/2026\/05\/plurifamiliar-a-sant-marti-1.jpg 1000w, https:\/\/rodal.provesonlinevalles.com\/wp-content\/uploads\/2026\/05\/plurifamiliar-a-sant-marti-1-768x553.jpg 768w, https:\/\/rodal.provesonlinevalles.com\/wp-content\/uploads\/2026\/05\/plurifamiliar-a-sant-marti-1-18x12.jpg 18w\" sizes=\"(max-width: 800px) 100vw, 800px\" \/>\t\t\t\t\t\t\t\t\t\t\t\t\t\t\t<\/div>\n\t\t\t\t<div class=\"elementor-element elementor-element-f244de7 elementor-widget elementor-widget-heading\" data-id=\"f244de7\" data-element_type=\"widget\" data-e-type=\"widget\" data-widget_type=\"heading.default\">\n\t\t\t\t\t<h3 class=\"elementor-heading-title elementor-size-default\">Habitatge plurifamiliar a St. Mart\u00ed<\/h3>\t\t\t\t<\/div>\n\t\t\t\t\t<\/div>\n\t\t\t\t<\/a>\n\t\t\t\t<\/div>\n\t\t\t\t<\/div>\n\t\t\n\t\t\t\t\t\t<\/div>\n\t\t\t\t<\/div>\n\t\t\t\t<\/div>\n\t\t\t\t\t<\/div>\n\t\t\t\t<\/div>\n\t\t\t\t<\/div>\n\t\t","protected":false},"excerpt":{"rendered":"<p>Projectes La nostra manera d\u2019entendre l\u2019arquitectura Exercim el nostre ofici amb la voluntat de produ\u00efr h\u00e0bitats que responguin a les necessitats de les persones amb el m\u00ednim impacte ecol\u00f2gic.<\/p>","protected":false},"author":2,"featured_media":0,"parent":0,"menu_order":0,"comment_status":"closed","ping_status":"closed","template":"elementor_header_footer","meta":{"_acf_changed":false,"footnotes":""},"class_list":["post-3549","page","type-page","status-publish","hentry"],"acf":[],"yoast_head":"<!-- This site is optimized with the Yoast SEO plugin v27.5 - https:\/\/yoast.com\/product\/yoast-seo-wordpress\/ -->\n<title>Projectes - Rodal Arquitectes<\/title>\n<meta name=\"robots\" content=\"noindex, follow, max-snippet:-1, max-image-preview:large, max-video-preview:-1\" \/>\n<meta property=\"og:locale\" content=\"en_GB\" \/>\n<meta property=\"og:type\" content=\"article\" \/>\n<meta property=\"og:title\" content=\"Projectes - Rodal Arquitectes\" \/>\n<meta property=\"og:description\" content=\"Projectes La nostra manera d\u2019entendre l\u2019arquitectura Exercim el nostre ofici amb la voluntat de produ\u00efr h\u00e0bitats que responguin a les necessitats de les persones amb el m\u00ednim impacte ecol\u00f2gic.\" \/>\n<meta property=\"og:url\" content=\"https:\/\/rodal.provesonlinevalles.com\/en\/projectes\/\" \/>\n<meta property=\"og:site_name\" content=\"Rodal Arquitectes\" \/>\n<meta property=\"article:modified_time\" content=\"2026-05-11T11:00:00+00:00\" \/>\n<meta name=\"twitter:card\" content=\"summary_large_image\" \/>\n<meta name=\"twitter:label1\" content=\"Estimated reading time\" \/>\n\t<meta name=\"twitter:data1\" content=\"2 minutes\" \/>\n<script type=\"application\/ld+json\" class=\"yoast-schema-graph\">{\"@context\":\"https:\\\/\\\/schema.org\",\"@graph\":[{\"@type\":\"WebPage\",\"@id\":\"https:\\\/\\\/rodal.provesonlinevalles.com\\\/projectes\\\/\",\"url\":\"https:\\\/\\\/rodal.provesonlinevalles.com\\\/projectes\\\/\",\"name\":\"Projectes - Rodal Arquitectes\",\"isPartOf\":{\"@id\":\"https:\\\/\\\/rodal.provesonlinevalles.com\\\/#website\"},\"datePublished\":\"2026-05-11T07:47:09+00:00\",\"dateModified\":\"2026-05-11T11:00:00+00:00\",\"breadcrumb\":{\"@id\":\"https:\\\/\\\/rodal.provesonlinevalles.com\\\/projectes\\\/#breadcrumb\"},\"inLanguage\":\"en-GB\",\"potentialAction\":[{\"@type\":\"ReadAction\",\"target\":[\"https:\\\/\\\/rodal.provesonlinevalles.com\\\/projectes\\\/\"]}]},{\"@type\":\"BreadcrumbList\",\"@id\":\"https:\\\/\\\/rodal.provesonlinevalles.com\\\/projectes\\\/#breadcrumb\",\"itemListElement\":[{\"@type\":\"ListItem\",\"position\":1,\"name\":\"Portada\",\"item\":\"https:\\\/\\\/rodal.provesonlinevalles.com\\\/\"},{\"@type\":\"ListItem\",\"position\":2,\"name\":\"Projectes\"}]},{\"@type\":\"WebSite\",\"@id\":\"https:\\\/\\\/rodal.provesonlinevalles.com\\\/#website\",\"url\":\"https:\\\/\\\/rodal.provesonlinevalles.com\\\/\",\"name\":\"Rodal Arquitectes\",\"description\":\"Constru\u00efm una arquitectura sensible i rigorosa\",\"publisher\":{\"@id\":\"https:\\\/\\\/rodal.provesonlinevalles.com\\\/#organization\"},\"potentialAction\":[{\"@type\":\"SearchAction\",\"target\":{\"@type\":\"EntryPoint\",\"urlTemplate\":\"https:\\\/\\\/rodal.provesonlinevalles.com\\\/?s={search_term_string}\"},\"query-input\":{\"@type\":\"PropertyValueSpecification\",\"valueRequired\":true,\"valueName\":\"search_term_string\"}}],\"inLanguage\":\"en-GB\"},{\"@type\":\"Organization\",\"@id\":\"https:\\\/\\\/rodal.provesonlinevalles.com\\\/#organization\",\"name\":\"Rodal Arquitectes\",\"url\":\"https:\\\/\\\/rodal.provesonlinevalles.com\\\/\",\"logo\":{\"@type\":\"ImageObject\",\"inLanguage\":\"en-GB\",\"@id\":\"https:\\\/\\\/rodal.provesonlinevalles.com\\\/#\\\/schema\\\/logo\\\/image\\\/\",\"url\":\"https:\\\/\\\/rodal.provesonlinevalles.com\\\/wp-content\\\/uploads\\\/2026\\\/05\\\/logo-rodal-negre.png\",\"contentUrl\":\"https:\\\/\\\/rodal.provesonlinevalles.com\\\/wp-content\\\/uploads\\\/2026\\\/05\\\/logo-rodal-negre.png\",\"width\":800,\"height\":103,\"caption\":\"Rodal Arquitectes\"},\"image\":{\"@id\":\"https:\\\/\\\/rodal.provesonlinevalles.com\\\/#\\\/schema\\\/logo\\\/image\\\/\"}}]}<\/script>\n<!-- \/ Yoast SEO plugin. -->","yoast_head_json":{"title":"Projectes - Rodal Arquitectes","robots":{"index":"noindex","follow":"follow","max-snippet":"max-snippet:-1","max-image-preview":"max-image-preview:large","max-video-preview":"max-video-preview:-1"},"og_locale":"en_GB","og_type":"article","og_title":"Projectes - Rodal Arquitectes","og_description":"Projectes La nostra manera d\u2019entendre l\u2019arquitectura Exercim el nostre ofici amb la voluntat de produ\u00efr h\u00e0bitats que responguin a les necessitats de les persones amb el m\u00ednim impacte ecol\u00f2gic.","og_url":"https:\/\/rodal.provesonlinevalles.com\/en\/projectes\/","og_site_name":"Rodal Arquitectes","article_modified_time":"2026-05-11T11:00:00+00:00","twitter_card":"summary_large_image","twitter_misc":{"Estimated reading time":"2 minutes"},"schema":{"@context":"https:\/\/schema.org","@graph":[{"@type":"WebPage","@id":"https:\/\/rodal.provesonlinevalles.com\/projectes\/","url":"https:\/\/rodal.provesonlinevalles.com\/projectes\/","name":"Projectes - Rodal Arquitectes","isPartOf":{"@id":"https:\/\/rodal.provesonlinevalles.com\/#website"},"datePublished":"2026-05-11T07:47:09+00:00","dateModified":"2026-05-11T11:00:00+00:00","breadcrumb":{"@id":"https:\/\/rodal.provesonlinevalles.com\/projectes\/#breadcrumb"},"inLanguage":"en-GB","potentialAction":[{"@type":"ReadAction","target":["https:\/\/rodal.provesonlinevalles.com\/projectes\/"]}]},{"@type":"BreadcrumbList","@id":"https:\/\/rodal.provesonlinevalles.com\/projectes\/#breadcrumb","itemListElement":[{"@type":"ListItem","position":1,"name":"Portada","item":"https:\/\/rodal.provesonlinevalles.com\/"},{"@type":"ListItem","position":2,"name":"Projectes"}]},{"@type":"WebSite","@id":"https:\/\/rodal.provesonlinevalles.com\/#website","url":"https:\/\/rodal.provesonlinevalles.com\/","name":"Rodal Arquitectes","description":"Constru\u00efm una arquitectura sensible i rigorosa","publisher":{"@id":"https:\/\/rodal.provesonlinevalles.com\/#organization"},"potentialAction":[{"@type":"SearchAction","target":{"@type":"EntryPoint","urlTemplate":"https:\/\/rodal.provesonlinevalles.com\/?s={search_term_string}"},"query-input":{"@type":"PropertyValueSpecification","valueRequired":true,"valueName":"search_term_string"}}],"inLanguage":"en-GB"},{"@type":"Organization","@id":"https:\/\/rodal.provesonlinevalles.com\/#organization","name":"Rodal Arquitectes","url":"https:\/\/rodal.provesonlinevalles.com\/","logo":{"@type":"ImageObject","inLanguage":"en-GB","@id":"https:\/\/rodal.provesonlinevalles.com\/#\/schema\/logo\/image\/","url":"https:\/\/rodal.provesonlinevalles.com\/wp-content\/uploads\/2026\/05\/logo-rodal-negre.png","contentUrl":"https:\/\/rodal.provesonlinevalles.com\/wp-content\/uploads\/2026\/05\/logo-rodal-negre.png","width":800,"height":103,"caption":"Rodal Arquitectes"},"image":{"@id":"https:\/\/rodal.provesonlinevalles.com\/#\/schema\/logo\/image\/"}}]}},"_links":{"self":[{"href":"https:\/\/rodal.provesonlinevalles.com\/en\/wp-json\/wp\/v2\/pages\/3549","targetHints":{"allow":["GET"]}}],"collection":[{"href":"https:\/\/rodal.provesonlinevalles.com\/en\/wp-json\/wp\/v2\/pages"}],"about":[{"href":"https:\/\/rodal.provesonlinevalles.com\/en\/wp-json\/wp\/v2\/types\/page"}],"author":[{"embeddable":true,"href":"https:\/\/rodal.provesonlinevalles.com\/en\/wp-json\/wp\/v2\/users\/2"}],"replies":[{"embeddable":true,"href":"https:\/\/rodal.provesonlinevalles.com\/en\/wp-json\/wp\/v2\/comments?post=3549"}],"version-history":[{"count":4,"href":"https:\/\/rodal.provesonlinevalles.com\/en\/wp-json\/wp\/v2\/pages\/3549\/revisions"}],"predecessor-version":[{"id":3720,"href":"https:\/\/rodal.provesonlinevalles.com\/en\/wp-json\/wp\/v2\/pages\/3549\/revisions\/3720"}],"wp:attachment":[{"href":"https:\/\/rodal.provesonlinevalles.com\/en\/wp-json\/wp\/v2\/media?parent=3549"}],"curies":[{"name":"wp","href":"https:\/\/api.w.org\/{rel}","templated":true}]}}