{"id":34,"date":"2024-11-06T15:42:58","date_gmt":"2024-11-06T15:42:58","guid":{"rendered":"https:\/\/rodal.provesonlinevalles.com\/?page_id=34"},"modified":"2026-02-26T13:33:57","modified_gmt":"2026-02-26T12:33:57","slug":"aviso-legal","status":"publish","type":"page","link":"https:\/\/rodal.provesonlinevalles.com\/en\/aviso-legal\/","title":{"rendered":"Legal notice"},"content":{"rendered":"<p>En compliment de l&#8217;article 10 de la Llei 34\/2002, de 11 de juliol, de Serveis de la Societat de la Informaci\u00f3 i Comer\u00e7 Electr\u00f2nic (LSSI-CE) a continuaci\u00f3 es detallen les dades identificatives de l&#8217;empresa:<\/p>\n\n\n\n<p><strong>Nom empresa<br>Ra\u00f3 social: RODAL. GESTORA &#8211; PROMOTORA, S.L<br>NIF: B22756225<br>Adre\u00e7a: CL\/ RONDA MAIOLS, No 1, 08192, SANT QUIRZE DEL VALLES, BARCELONA<br>Tel\u00e8fon: 603589340<br>Email: dserrano@rodal.ca<\/strong>t<\/p>\n\n\n\n<h2 class=\"wp-block-heading\">Finalitat de la p\u00e0gina web<\/h2>\n\n\n\n<p>La finalitat d&#8217;aquesta p\u00e0gina web \u00e9s atendre les vostres consultes i peticions.<\/p>\n\n\n\n<p><strong>Aquest av\u00eds legal (d&#8217;ara endavant, l'&#8221;Av\u00eds Legal&#8221;) regula l&#8217;\u00fas del lloc web: www.sq92.es<\/strong><\/p>\n\n\n\n<h2 class=\"wp-block-heading\">Legislaci\u00f3<\/h2>\n\n\n\n<p>A tots els efectes les relacions entre el Responsable amb els Usuaris dels seus serveis telem\u00e0tics, presents en aquest lloc web, estan sotmeses a la legislaci\u00f3 i jurisdicci\u00f3 espanyoles.<\/p>\n\n\n\n<h2 class=\"wp-block-heading\">\u00das i acc\u00e9s d&#8217;usuaris<\/h2>\n\n\n\n<p>L&#8217;Usuari queda informat, i accepta, que l&#8217;acc\u00e9s a aquesta web no suposa, de cap manera, l&#8217;inici d&#8217;una relaci\u00f3 comercial amb el Responsable o qualsevol de les delegacions.<\/p>\n\n\n\n<h2 class=\"wp-block-heading\">Intellectual and industrial property<\/h2>\n\n\n\n<p>Els drets de propietat intel\u00b7lectual del contingut de les p\u00e0gines web, el disseny gr\u00e0fic i els codis s\u00f3n titularitat del Responsable i, per tant, queda prohibida la seva reproducci\u00f3, distribuci\u00f3, comunicaci\u00f3 p\u00fablica, transformaci\u00f3 o qualsevol altra activitat que es pugui realitzar amb els continguts de les seves p\u00e0gines web ni fins i tot citant les fonts, excepte consentiment per escrit del Responsable.<\/p>\n\n\n\n<h2 class=\"wp-block-heading\">Contingut de la web i enlla\u00e7os (links)<\/h2>\n\n\n\n<p>El Responsable es reserva el dret d&#8217;actualitzar, modificar o eliminar la informaci\u00f3 continguda a les seves p\u00e0gines web i fins i tot pot limitar o no permetre l&#8217;acc\u00e9s a aquesta informaci\u00f3 a certs usuaris.<\/p>\n\n\n\n<p>El Responsable no assumeix cap responsabilitat per la informaci\u00f3 continguda en p\u00e0gines web de tercers a les quals es pugui accedir per &#8220;links&#8221; o enlla\u00e7os des de qualsevol p\u00e0gina web propietat del Responsable. La pres\u00e8ncia de \u201clinks\u201d o enlla\u00e7os a les p\u00e0gines web del Responsable t\u00e9 finalitat merament informativa i en cap cas suposa suggeriment, invitaci\u00f3 o recomanaci\u00f3 sobre aquests.<\/p>","protected":false},"excerpt":{"rendered":"<p>En compliment de l&#8217;article 10 de la Llei 34\/2002, de 11 de juliol, de Serveis de la Societat de la Informaci\u00f3 i Comer\u00e7 Electr\u00f2nic (LSSI-CE) a continuaci\u00f3 es detallen les dades identificatives de l&#8217;empresa: Nom empresaRa\u00f3 social: RODAL. GESTORA &#8211; PROMOTORA, S.LNIF: B22756225Adre\u00e7a: CL\/ RONDA MAIOLS, No 1, 08192, SANT QUIRZE DEL VALLES, BARCELONATel\u00e8fon: 603589340Email: [&hellip;]<\/p>\n","protected":false},"author":2,"featured_media":0,"parent":0,"menu_order":0,"comment_status":"closed","ping_status":"closed","template":"","meta":{"_acf_changed":false,"footnotes":""},"class_list":["post-34","page","type-page","status-publish","hentry"],"acf":[],"yoast_head":"<!-- This site is optimized with the Yoast SEO plugin v27.5 - https:\/\/yoast.com\/product\/yoast-seo-wordpress\/ -->\n<title>Av\u00eds legal - Rodal Arquitectes<\/title>\n<meta name=\"robots\" content=\"noindex, follow, max-snippet:-1, max-image-preview:large, max-video-preview:-1\" \/>\n<meta property=\"og:locale\" content=\"en_GB\" \/>\n<meta property=\"og:type\" content=\"article\" \/>\n<meta property=\"og:title\" content=\"Av\u00eds legal - Rodal Arquitectes\" \/>\n<meta property=\"og:description\" content=\"En compliment de l&#8217;article 10 de la Llei 34\/2002, de 11 de juliol, de Serveis de la Societat de la Informaci\u00f3 i Comer\u00e7 Electr\u00f2nic (LSSI-CE) a continuaci\u00f3 es detallen les dades identificatives de l&#8217;empresa: Nom empresaRa\u00f3 social: RODAL. GESTORA &#8211; PROMOTORA, S.LNIF: B22756225Adre\u00e7a: CL\/ RONDA MAIOLS, No 1, 08192, SANT QUIRZE DEL VALLES, BARCELONATel\u00e8fon: 603589340Email: [&hellip;]\" \/>\n<meta property=\"og:url\" content=\"https:\/\/rodal.provesonlinevalles.com\/en\/aviso-legal\/\" \/>\n<meta property=\"og:site_name\" content=\"Rodal Arquitectes\" \/>\n<meta property=\"article:modified_time\" content=\"2026-02-26T12:33:57+00:00\" \/>\n<meta name=\"twitter:card\" content=\"summary_large_image\" \/>\n<meta name=\"twitter:label1\" content=\"Estimated reading time\" \/>\n\t<meta name=\"twitter:data1\" content=\"2 minutes\" \/>\n<script type=\"application\/ld+json\" class=\"yoast-schema-graph\">{\"@context\":\"https:\\\/\\\/schema.org\",\"@graph\":[{\"@type\":\"WebPage\",\"@id\":\"https:\\\/\\\/rodal.provesonlinevalles.com\\\/aviso-legal\\\/\",\"url\":\"https:\\\/\\\/rodal.provesonlinevalles.com\\\/aviso-legal\\\/\",\"name\":\"Av\u00eds legal - Rodal Arquitectes\",\"isPartOf\":{\"@id\":\"https:\\\/\\\/rodal.provesonlinevalles.com\\\/#website\"},\"datePublished\":\"2024-11-06T15:42:58+00:00\",\"dateModified\":\"2026-02-26T12:33:57+00:00\",\"breadcrumb\":{\"@id\":\"https:\\\/\\\/rodal.provesonlinevalles.com\\\/aviso-legal\\\/#breadcrumb\"},\"inLanguage\":\"en-GB\",\"potentialAction\":[{\"@type\":\"ReadAction\",\"target\":[\"https:\\\/\\\/rodal.provesonlinevalles.com\\\/aviso-legal\\\/\"]}]},{\"@type\":\"BreadcrumbList\",\"@id\":\"https:\\\/\\\/rodal.provesonlinevalles.com\\\/aviso-legal\\\/#breadcrumb\",\"itemListElement\":[{\"@type\":\"ListItem\",\"position\":1,\"name\":\"Portada\",\"item\":\"https:\\\/\\\/rodal.provesonlinevalles.com\\\/\"},{\"@type\":\"ListItem\",\"position\":2,\"name\":\"Av\u00eds legal\"}]},{\"@type\":\"WebSite\",\"@id\":\"https:\\\/\\\/rodal.provesonlinevalles.com\\\/#website\",\"url\":\"https:\\\/\\\/rodal.provesonlinevalles.com\\\/\",\"name\":\"Rodal Arquitectes\",\"description\":\"Constru\u00efm una arquitectura sensible i rigorosa\",\"publisher\":{\"@id\":\"https:\\\/\\\/rodal.provesonlinevalles.com\\\/#organization\"},\"potentialAction\":[{\"@type\":\"SearchAction\",\"target\":{\"@type\":\"EntryPoint\",\"urlTemplate\":\"https:\\\/\\\/rodal.provesonlinevalles.com\\\/?s={search_term_string}\"},\"query-input\":{\"@type\":\"PropertyValueSpecification\",\"valueRequired\":true,\"valueName\":\"search_term_string\"}}],\"inLanguage\":\"en-GB\"},{\"@type\":\"Organization\",\"@id\":\"https:\\\/\\\/rodal.provesonlinevalles.com\\\/#organization\",\"name\":\"Rodal Arquitectes\",\"url\":\"https:\\\/\\\/rodal.provesonlinevalles.com\\\/\",\"logo\":{\"@type\":\"ImageObject\",\"inLanguage\":\"en-GB\",\"@id\":\"https:\\\/\\\/rodal.provesonlinevalles.com\\\/#\\\/schema\\\/logo\\\/image\\\/\",\"url\":\"https:\\\/\\\/rodal.provesonlinevalles.com\\\/wp-content\\\/uploads\\\/2026\\\/05\\\/logo-rodal-negre.png\",\"contentUrl\":\"https:\\\/\\\/rodal.provesonlinevalles.com\\\/wp-content\\\/uploads\\\/2026\\\/05\\\/logo-rodal-negre.png\",\"width\":800,\"height\":103,\"caption\":\"Rodal Arquitectes\"},\"image\":{\"@id\":\"https:\\\/\\\/rodal.provesonlinevalles.com\\\/#\\\/schema\\\/logo\\\/image\\\/\"}}]}<\/script>\n<!-- \/ Yoast SEO plugin. -->","yoast_head_json":{"title":"Av\u00eds legal - Rodal Arquitectes","robots":{"index":"noindex","follow":"follow","max-snippet":"max-snippet:-1","max-image-preview":"max-image-preview:large","max-video-preview":"max-video-preview:-1"},"og_locale":"en_GB","og_type":"article","og_title":"Av\u00eds legal - Rodal Arquitectes","og_description":"En compliment de l&#8217;article 10 de la Llei 34\/2002, de 11 de juliol, de Serveis de la Societat de la Informaci\u00f3 i Comer\u00e7 Electr\u00f2nic (LSSI-CE) a continuaci\u00f3 es detallen les dades identificatives de l&#8217;empresa: Nom empresaRa\u00f3 social: RODAL. GESTORA &#8211; PROMOTORA, S.LNIF: B22756225Adre\u00e7a: CL\/ RONDA MAIOLS, No 1, 08192, SANT QUIRZE DEL VALLES, BARCELONATel\u00e8fon: 603589340Email: [&hellip;]","og_url":"https:\/\/rodal.provesonlinevalles.com\/en\/aviso-legal\/","og_site_name":"Rodal Arquitectes","article_modified_time":"2026-02-26T12:33:57+00:00","twitter_card":"summary_large_image","twitter_misc":{"Estimated reading time":"2 minutes"},"schema":{"@context":"https:\/\/schema.org","@graph":[{"@type":"WebPage","@id":"https:\/\/rodal.provesonlinevalles.com\/aviso-legal\/","url":"https:\/\/rodal.provesonlinevalles.com\/aviso-legal\/","name":"Av\u00eds legal - Rodal Arquitectes","isPartOf":{"@id":"https:\/\/rodal.provesonlinevalles.com\/#website"},"datePublished":"2024-11-06T15:42:58+00:00","dateModified":"2026-02-26T12:33:57+00:00","breadcrumb":{"@id":"https:\/\/rodal.provesonlinevalles.com\/aviso-legal\/#breadcrumb"},"inLanguage":"en-GB","potentialAction":[{"@type":"ReadAction","target":["https:\/\/rodal.provesonlinevalles.com\/aviso-legal\/"]}]},{"@type":"BreadcrumbList","@id":"https:\/\/rodal.provesonlinevalles.com\/aviso-legal\/#breadcrumb","itemListElement":[{"@type":"ListItem","position":1,"name":"Portada","item":"https:\/\/rodal.provesonlinevalles.com\/"},{"@type":"ListItem","position":2,"name":"Av\u00eds legal"}]},{"@type":"WebSite","@id":"https:\/\/rodal.provesonlinevalles.com\/#website","url":"https:\/\/rodal.provesonlinevalles.com\/","name":"Rodal Arquitectes","description":"Constru\u00efm una arquitectura sensible i rigorosa","publisher":{"@id":"https:\/\/rodal.provesonlinevalles.com\/#organization"},"potentialAction":[{"@type":"SearchAction","target":{"@type":"EntryPoint","urlTemplate":"https:\/\/rodal.provesonlinevalles.com\/?s={search_term_string}"},"query-input":{"@type":"PropertyValueSpecification","valueRequired":true,"valueName":"search_term_string"}}],"inLanguage":"en-GB"},{"@type":"Organization","@id":"https:\/\/rodal.provesonlinevalles.com\/#organization","name":"Rodal Arquitectes","url":"https:\/\/rodal.provesonlinevalles.com\/","logo":{"@type":"ImageObject","inLanguage":"en-GB","@id":"https:\/\/rodal.provesonlinevalles.com\/#\/schema\/logo\/image\/","url":"https:\/\/rodal.provesonlinevalles.com\/wp-content\/uploads\/2026\/05\/logo-rodal-negre.png","contentUrl":"https:\/\/rodal.provesonlinevalles.com\/wp-content\/uploads\/2026\/05\/logo-rodal-negre.png","width":800,"height":103,"caption":"Rodal Arquitectes"},"image":{"@id":"https:\/\/rodal.provesonlinevalles.com\/#\/schema\/logo\/image\/"}}]}},"_links":{"self":[{"href":"https:\/\/rodal.provesonlinevalles.com\/en\/wp-json\/wp\/v2\/pages\/34","targetHints":{"allow":["GET"]}}],"collection":[{"href":"https:\/\/rodal.provesonlinevalles.com\/en\/wp-json\/wp\/v2\/pages"}],"about":[{"href":"https:\/\/rodal.provesonlinevalles.com\/en\/wp-json\/wp\/v2\/types\/page"}],"author":[{"embeddable":true,"href":"https:\/\/rodal.provesonlinevalles.com\/en\/wp-json\/wp\/v2\/users\/2"}],"replies":[{"embeddable":true,"href":"https:\/\/rodal.provesonlinevalles.com\/en\/wp-json\/wp\/v2\/comments?post=34"}],"version-history":[{"count":9,"href":"https:\/\/rodal.provesonlinevalles.com\/en\/wp-json\/wp\/v2\/pages\/34\/revisions"}],"predecessor-version":[{"id":3284,"href":"https:\/\/rodal.provesonlinevalles.com\/en\/wp-json\/wp\/v2\/pages\/34\/revisions\/3284"}],"wp:attachment":[{"href":"https:\/\/rodal.provesonlinevalles.com\/en\/wp-json\/wp\/v2\/media?parent=34"}],"curies":[{"name":"wp","href":"https:\/\/api.w.org\/{rel}","templated":true}]}}